

{"id":74023,"date":"2019-04-11T21:07:58","date_gmt":"2019-04-11T19:07:58","guid":{"rendered":"https:\/\/www.xcelsiorselection.com\/product\/jobby-the-cat-black\/"},"modified":"2019-04-11T21:18:10","modified_gmt":"2019-04-11T19:18:10","slug":"jobby-the-cat-black","status":"publish","type":"product","link":"https:\/\/www.xcelsiorselection.com\/lv\/product\/jobby-the-cat-black\/","title":{"rendered":"Melnais ka\u0137is Jobby"},"content":{"rendered":"<p>Melnais ka\u0137is Jobby\u00a0 \u2026var ce\u013cot no istabas uz istabu, t\u0101pat k\u0101 jebkur\u0161 tipisks ka\u0137is. Vi\u0146\u0161 ir uzl\u0101d\u0113jams, un t\u0101 acis iedegas, kad piespie\u017eat t\u0101 zelta pogu aizmugur\u0113!<br \/>\nUSB uzl\u0101d\u0113jams (uzl\u0101des laiks 3h), akumulatora darb\u012bbas laiks: 30 stundas, LED gaismas tehnolo\u0123ija<\/p>\n","protected":false},"excerpt":{"rendered":"<p><img loading=\"lazy\" decoding=\"async\" src=\"http:\/\/www.xcelsiorselection.com\/wp-content\/uploads\/2015\/12\/seletti.jpg\" alt=\"seletti\" width=\"167\" height=\"36\" \/><\/p>\n<p>Ra\u017eot\u0101js: Seletti<br \/>\nMateri\u0101ls: rez\u012bns<br \/>\nIzm\u0113rs: 46 x 12 x 20,7 cm<br \/>\nKr\u0101sa: melna<br \/>\nAkumulatora darb\u012bbas laiks: 30 stundas<br \/>\nGaismeklis dimm\u0113jams<\/p>\n","protected":false},"featured_media":74017,"comment_status":"closed","ping_status":"closed","template":"","meta":[],"_links":{"self":[{"href":"https:\/\/www.xcelsiorselection.com\/lv\/wp-json\/wp\/v2\/product\/74023\/"}],"collection":[{"href":"https:\/\/www.xcelsiorselection.com\/lv\/wp-json\/wp\/v2\/product\/"}],"about":[{"href":"https:\/\/www.xcelsiorselection.com\/lv\/wp-json\/wp\/v2\/types\/product\/"}],"replies":[{"embeddable":true,"href":"https:\/\/www.xcelsiorselection.com\/lv\/wp-json\/wp\/v2\/comments\/?post=74023"}],"wp:featuredmedia":[{"embeddable":true,"href":"https:\/\/www.xcelsiorselection.com\/lv\/wp-json\/wp\/v2\/media\/74017\/"}],"wp:attachment":[{"href":"https:\/\/www.xcelsiorselection.com\/lv\/wp-json\/wp\/v2\/media\/?parent=74023"}],"curies":[{"name":"wp","href":"https:\/\/api.w.org\/{rel}","templated":true}]}}