

{"id":74312,"date":"2019-04-20T14:04:33","date_gmt":"2019-04-20T12:04:33","guid":{"rendered":"https:\/\/www.xcelsiorselection.com\/?post_type=product&#038;p=74312"},"modified":"2019-04-20T15:06:52","modified_gmt":"2019-04-20T13:06:52","slug":"salad-bowl-jellies","status":"publish","type":"product","link":"https:\/\/www.xcelsiorselection.com\/lv\/product\/salad-bowl-jellies\/","title":{"rendered":"Sal\u0101tu b\u013coda Jellies"},"content":{"rendered":"<p>\u201cJellies Family\u201d ir kolekcija no z\u012bmola Kartell &#8211; taj\u0101 ir \u0161\u0137\u012bvji, papl\u0101tes, gl\u0101zes, b\u013codas un karafes, kas izgatavotas no maigi kr\u0101saina un caursp\u012bd\u012bga PMMA, &#8211; tos izstr\u0101d\u0101jusi dizainere Patricia Urquiola. \u201eL\u012bnijas \u012bpatn\u012bba ir fakts, ka katrs modelis ir skaidrs dabiskuma iedvesmas paraugs,\u201d v\u0113sta z\u012bmols Kartell. Caursp\u012bd\u012bgums, \u0161\u0137ietamais trauslums un smalk\u0101s kr\u0101sas viegli apvienojas, atspogu\u013cojot sp\u0101\u0146u dizaineres ieceres.<\/p>\n","protected":false},"excerpt":{"rendered":"<p><img loading=\"lazy\" decoding=\"async\" src=\"http:\/\/www.xcelsiorselection.com\/wp-content\/uploads\/2015\/05\/kartell.jpg\" alt=\"kartell\" width=\"145\" height=\"43\" \/><\/p>\n<p>Ra\u017eot\u0101js: Kartell<br \/>\nDizains: Patricia Urquiola<br \/>\nMateri\u0101ls: PMMA<br \/>\nKr\u0101sa: krist\u0101la, za\u013ca, roz\u0101, gai\u0161i zila<br \/>\nIzm\u0113rs: 32 x 14 cm<\/p>\n","protected":false},"featured_media":74291,"comment_status":"closed","ping_status":"closed","template":"","meta":[],"_links":{"self":[{"href":"https:\/\/www.xcelsiorselection.com\/lv\/wp-json\/wp\/v2\/product\/74312\/"}],"collection":[{"href":"https:\/\/www.xcelsiorselection.com\/lv\/wp-json\/wp\/v2\/product\/"}],"about":[{"href":"https:\/\/www.xcelsiorselection.com\/lv\/wp-json\/wp\/v2\/types\/product\/"}],"replies":[{"embeddable":true,"href":"https:\/\/www.xcelsiorselection.com\/lv\/wp-json\/wp\/v2\/comments\/?post=74312"}],"wp:featuredmedia":[{"embeddable":true,"href":"https:\/\/www.xcelsiorselection.com\/lv\/wp-json\/wp\/v2\/media\/74291\/"}],"wp:attachment":[{"href":"https:\/\/www.xcelsiorselection.com\/lv\/wp-json\/wp\/v2\/media\/?parent=74312"}],"curies":[{"name":"wp","href":"https:\/\/api.w.org\/{rel}","templated":true}]}}