

{"id":74816,"date":"2019-05-21T15:14:23","date_gmt":"2019-05-21T13:14:23","guid":{"rendered":"https:\/\/www.xcelsiorselection.com\/product\/soft-coat-hanger-with-bar-slim\/"},"modified":"2019-05-21T15:19:13","modified_gmt":"2019-05-21T13:19:13","slug":"soft-coat-hanger-with-bar-slim","status":"publish","type":"product","link":"https:\/\/www.xcelsiorselection.com\/lv\/product\/soft-coat-hanger-with-bar-slim\/","title":{"rendered":"Dr\u0113bju pakaramais ar stien\u012bti, \u0161aurs"},"content":{"rendered":"<p>M\u012bkstie dr\u0113bju pakaramie \u0161aur\u0101 vai plat\u0101k\u0101 versij\u0101 no z\u012bmola <em>Hay<\/em>. Pakaramo apdare veidota t\u0101, lai dr\u0113bes, \u012bpa\u0161i smag\u0101ki m\u0113te\u013ci, nesl\u012bd no tiem nost. Tum\u0161ie pakaramie labi sapas\u0113s kop\u0101 ar <em>Loop Stand Hall<\/em> dr\u0113bju pakaramo stendu.<\/p>\n","protected":false},"excerpt":{"rendered":"<p><img loading=\"lazy\" decoding=\"async\" src=\"http:\/\/www.xcelsiorselection.com\/wp-content\/uploads\/2016\/02\/Hay-logo-new1.jpg\" alt=\"Hay logo new\" width=\"138\" height=\"53\" \/><\/p>\n<p>Ra\u017eot\u0101js: HAY<br \/>\nMateri\u0101ls: koks, gumija, alum\u012bnijs<br \/>\nIzm\u0113rs: 44 x 27 x 1 cm<br \/>\nKr\u0101sa: melna<br \/>\nKomplekt\u0101 4 pakaramie<\/p>\n","protected":false},"featured_media":74804,"comment_status":"closed","ping_status":"closed","template":"","meta":[],"_links":{"self":[{"href":"https:\/\/www.xcelsiorselection.com\/lv\/wp-json\/wp\/v2\/product\/74816\/"}],"collection":[{"href":"https:\/\/www.xcelsiorselection.com\/lv\/wp-json\/wp\/v2\/product\/"}],"about":[{"href":"https:\/\/www.xcelsiorselection.com\/lv\/wp-json\/wp\/v2\/types\/product\/"}],"replies":[{"embeddable":true,"href":"https:\/\/www.xcelsiorselection.com\/lv\/wp-json\/wp\/v2\/comments\/?post=74816"}],"wp:featuredmedia":[{"embeddable":true,"href":"https:\/\/www.xcelsiorselection.com\/lv\/wp-json\/wp\/v2\/media\/74804\/"}],"wp:attachment":[{"href":"https:\/\/www.xcelsiorselection.com\/lv\/wp-json\/wp\/v2\/media\/?parent=74816"}],"curies":[{"name":"wp","href":"https:\/\/api.w.org\/{rel}","templated":true}]}}