

{"id":74870,"date":"2019-05-21T21:01:34","date_gmt":"2019-05-21T19:01:34","guid":{"rendered":"https:\/\/www.xcelsiorselection.com\/product\/slit-table-xl\/"},"modified":"2019-05-21T21:07:36","modified_gmt":"2019-05-21T19:07:36","slug":"slit-table-xl","status":"publish","type":"product","link":"https:\/\/www.xcelsiorselection.com\/lv\/product\/slit-table-xl\/","title":{"rendered":"Slit galdi\u0146\u0161 XL"},"content":{"rendered":"<div id=\"tab-description\" class=\"panel entry-content\">Hay transform\u0113 klasisko origami kult\u016bru, ievedot to met\u0101la pasaul\u0113 ar Slit galdu. Mazie galdi\u0146i izskat\u0101s k\u0101 izloc\u012bti, kas nav nepareizi, jo tie\u0161i loc\u012b\u0161anas metode ir tas, k\u0101 galdiem tiek pie\u0161\u0137irta forma. V\u0101rds <em>\u201cSlit\u201d<\/em> atsaucas uz slaido l\u012bniju, kas piem\u012bt galda raksturam.<\/div>\n","protected":false},"excerpt":{"rendered":"<p><img loading=\"lazy\" decoding=\"async\" src=\"http:\/\/www.xcelsiorselection.com\/wp-content\/uploads\/2016\/02\/Hay-logo-new1.jpg\" alt=\"Hay logo new\" width=\"138\" height=\"53\" \/><\/p>\n<p>Ra\u017eot\u0101js: HAY<br \/>\nMateri\u0101ls: t\u0113rauds<br \/>\nIzm\u0113rs: \u00d865 x 35,5 cm<br \/>\nKr\u0101sa: melna, balta<\/p>\n","protected":false},"featured_media":74864,"comment_status":"closed","ping_status":"closed","template":"","meta":[],"_links":{"self":[{"href":"https:\/\/www.xcelsiorselection.com\/lv\/wp-json\/wp\/v2\/product\/74870\/"}],"collection":[{"href":"https:\/\/www.xcelsiorselection.com\/lv\/wp-json\/wp\/v2\/product\/"}],"about":[{"href":"https:\/\/www.xcelsiorselection.com\/lv\/wp-json\/wp\/v2\/types\/product\/"}],"replies":[{"embeddable":true,"href":"https:\/\/www.xcelsiorselection.com\/lv\/wp-json\/wp\/v2\/comments\/?post=74870"}],"wp:featuredmedia":[{"embeddable":true,"href":"https:\/\/www.xcelsiorselection.com\/lv\/wp-json\/wp\/v2\/media\/74864\/"}],"wp:attachment":[{"href":"https:\/\/www.xcelsiorselection.com\/lv\/wp-json\/wp\/v2\/media\/?parent=74870"}],"curies":[{"name":"wp","href":"https:\/\/api.w.org\/{rel}","templated":true}]}}