

{"id":74900,"date":"2019-05-22T08:51:54","date_gmt":"2019-05-22T06:51:54","guid":{"rendered":"https:\/\/www.xcelsiorselection.com\/product\/punched-organizer-pen-holder\/"},"modified":"2019-05-22T09:01:53","modified_gmt":"2019-05-22T07:01:53","slug":"punched-organizer-pen-holder","status":"publish","type":"product","link":"https:\/\/www.xcelsiorselection.com\/lv\/product\/punched-organizer-pen-holder\/","title":{"rendered":"Caurumots pildspalvu tur\u0113t\u0101js"},"content":{"rendered":"<p>Caurumoti organizatori &#8211; modu\u013cu tipa uzglab\u0101\u0161anas piederumi, kas sast\u0101v no: A4 papl\u0101tes, pildspalvu trauci\u0146a, pildspalvu tur\u0113t\u0101ja un univers\u0101la organizatora. Perfor\u0113ti caurumi, kas ap\u0146em t\u0113rauda r\u0101mi, pie\u0161\u0137ir \u0161iem organizatoriem vienk\u0101r\u0161u, vienotu izskatu.<\/p>\n","protected":false},"excerpt":{"rendered":"<p><img loading=\"lazy\" decoding=\"async\" src=\"http:\/\/www.xcelsiorselection.com\/wp-content\/uploads\/2016\/02\/Hay-logo-new1.jpg\" alt=\"Hay logo new\" width=\"138\" height=\"53\" \/><\/p>\n<p>Ra\u017eot\u0101js: HAY<br \/>\nMateri\u0101ls: t\u0113rauds<br \/>\nIzm\u0113rs: 6 x 6 x 10 cm<br \/>\nKr\u0101sa: melna<\/p>\n","protected":false},"featured_media":74898,"comment_status":"closed","ping_status":"closed","template":"","meta":[],"_links":{"self":[{"href":"https:\/\/www.xcelsiorselection.com\/lv\/wp-json\/wp\/v2\/product\/74900\/"}],"collection":[{"href":"https:\/\/www.xcelsiorselection.com\/lv\/wp-json\/wp\/v2\/product\/"}],"about":[{"href":"https:\/\/www.xcelsiorselection.com\/lv\/wp-json\/wp\/v2\/types\/product\/"}],"replies":[{"embeddable":true,"href":"https:\/\/www.xcelsiorselection.com\/lv\/wp-json\/wp\/v2\/comments\/?post=74900"}],"wp:featuredmedia":[{"embeddable":true,"href":"https:\/\/www.xcelsiorselection.com\/lv\/wp-json\/wp\/v2\/media\/74898\/"}],"wp:attachment":[{"href":"https:\/\/www.xcelsiorselection.com\/lv\/wp-json\/wp\/v2\/media\/?parent=74900"}],"curies":[{"name":"wp","href":"https:\/\/api.w.org\/{rel}","templated":true}]}}