

{"id":74927,"date":"2019-05-22T09:36:41","date_gmt":"2019-05-22T07:36:41","guid":{"rendered":"https:\/\/www.xcelsiorselection.com\/product\/punched-organizer-a4-tray\/"},"modified":"2019-05-22T09:39:18","modified_gmt":"2019-05-22T07:39:18","slug":"punched-organizer-a4-tray","status":"publish","type":"product","link":"https:\/\/www.xcelsiorselection.com\/lv\/product\/punched-organizer-a4-tray\/","title":{"rendered":"Organizators A4 papl\u0101te"},"content":{"rendered":"<p>Caurumoti organizatori \u2013 modu\u013cu tipa uzglab\u0101\u0161anas piederumi, kas sast\u0101v no: A4 papl\u0101tes, pildspalvu trauci\u0146a, pildspalvu tur\u0113t\u0101ja un univers\u0101la organizatora. Perfor\u0113ti caurumi, kas ap\u0146em t\u0113rauda r\u0101mi, pie\u0161\u0137ir \u0161iem organizatoriem vienk\u0101r\u0161u, vienotu izskatu.<\/p>\n","protected":false},"excerpt":{"rendered":"<p><img loading=\"lazy\" decoding=\"async\" src=\"http:\/\/www.xcelsiorselection.com\/wp-content\/uploads\/2016\/02\/Hay-logo-new1.jpg\" alt=\"Hay logo new\" width=\"138\" height=\"53\" \/><\/p>\n<p>Ra\u017eot\u0101js: HAY<br \/>\nMateri\u0101ls: t\u0113rauds<br \/>\nIzm\u0113rs: 4 x 32 x 24 cm<br \/>\nKr\u0101sa: melna<\/p>\n","protected":false},"featured_media":74925,"comment_status":"closed","ping_status":"closed","template":"","meta":[],"_links":{"self":[{"href":"https:\/\/www.xcelsiorselection.com\/lv\/wp-json\/wp\/v2\/product\/74927\/"}],"collection":[{"href":"https:\/\/www.xcelsiorselection.com\/lv\/wp-json\/wp\/v2\/product\/"}],"about":[{"href":"https:\/\/www.xcelsiorselection.com\/lv\/wp-json\/wp\/v2\/types\/product\/"}],"replies":[{"embeddable":true,"href":"https:\/\/www.xcelsiorselection.com\/lv\/wp-json\/wp\/v2\/comments\/?post=74927"}],"wp:featuredmedia":[{"embeddable":true,"href":"https:\/\/www.xcelsiorselection.com\/lv\/wp-json\/wp\/v2\/media\/74925\/"}],"wp:attachment":[{"href":"https:\/\/www.xcelsiorselection.com\/lv\/wp-json\/wp\/v2\/media\/?parent=74927"}],"curies":[{"name":"wp","href":"https:\/\/api.w.org\/{rel}","templated":true}]}}