

{"id":74950,"date":"2019-05-22T10:05:24","date_gmt":"2019-05-22T08:05:24","guid":{"rendered":"https:\/\/www.xcelsiorselection.com\/product\/canopy-umbrella\/"},"modified":"2019-05-22T10:15:12","modified_gmt":"2019-05-22T08:15:12","slug":"canopy-umbrella","status":"publish","type":"product","link":"https:\/\/www.xcelsiorselection.com\/lv\/product\/canopy-umbrella\/","title":{"rendered":"Caursp\u012bd\u012bgs lietussargs"},"content":{"rendered":"<div class=\"product-info-text block-fading\">\n<p class=\"hide-when-small\">Caursp\u012bd\u012bgs lietussargs no z\u012bmola Hay b\u016bs lielisks kompanjons lietain\u0101s dien\u0101s. Tam ir autom\u0101tisks atv\u0113r\u0161an\u0101s meh\u0101nisms un melns, elegants rokturis.<\/p>\n<div class=\"fading-overlay hidden\"><\/div>\n<\/div>\n","protected":false},"excerpt":{"rendered":"<p><img loading=\"lazy\" decoding=\"async\" src=\"http:\/\/www.xcelsiorselection.com\/wp-content\/uploads\/2016\/02\/Hay-logo-new1.jpg\" alt=\"Hay logo new\" width=\"138\" height=\"53\" \/><\/p>\n<p>Ra\u017eot\u0101js: HAY<br \/>\nMateri\u0101ls: alum\u012bnijs, POE audums<br \/>\nKr\u0101sa: caursp\u012bd\u012bga<br \/>\nIzm\u0113rs: \u00d8 88cm<br \/>\nAutom\u0101tisks meh\u0101nisms<\/p>\n","protected":false},"featured_media":74945,"comment_status":"closed","ping_status":"closed","template":"","meta":[],"_links":{"self":[{"href":"https:\/\/www.xcelsiorselection.com\/lv\/wp-json\/wp\/v2\/product\/74950\/"}],"collection":[{"href":"https:\/\/www.xcelsiorselection.com\/lv\/wp-json\/wp\/v2\/product\/"}],"about":[{"href":"https:\/\/www.xcelsiorselection.com\/lv\/wp-json\/wp\/v2\/types\/product\/"}],"replies":[{"embeddable":true,"href":"https:\/\/www.xcelsiorselection.com\/lv\/wp-json\/wp\/v2\/comments\/?post=74950"}],"wp:featuredmedia":[{"embeddable":true,"href":"https:\/\/www.xcelsiorselection.com\/lv\/wp-json\/wp\/v2\/media\/74945\/"}],"wp:attachment":[{"href":"https:\/\/www.xcelsiorselection.com\/lv\/wp-json\/wp\/v2\/media\/?parent=74950"}],"curies":[{"name":"wp","href":"https:\/\/api.w.org\/{rel}","templated":true}]}}