

{"id":75066,"date":"2019-05-25T21:27:32","date_gmt":"2019-05-25T19:27:32","guid":{"rendered":"https:\/\/www.xcelsiorselection.com\/product\/carving-fork\/"},"modified":"2019-05-25T21:55:18","modified_gmt":"2019-05-25T19:55:18","slug":"carving-fork","status":"publish","type":"product","link":"https:\/\/www.xcelsiorselection.com\/lv\/product\/carving-fork\/","title":{"rendered":"Grie\u0161anas dak\u0161a"},"content":{"rendered":"<div id=\"tab-description\" class=\"panel entry-content\">\n<div class=\"large-12 columns \">\n<div class=\"tabbed-content woocommerce-tabs\">\n<div id=\"tab-description\" class=\"panel entry-content\">\n<div id=\"tab-description\" class=\"panel entry-content\">\n<div class=\"large-12 columns \">\n<div class=\"tabbed-content woocommerce-tabs\">\n<div id=\"tab-description\" class=\"panel entry-content\">\n<div id=\"tab-description\" class=\"panel entry-content\">\n<div class=\"large-12 columns \">\n<div class=\"tabbed-content woocommerce-tabs\">\n<div id=\"tab-description\" class=\"panel entry-content\">\n<div id=\"tab-description\" class=\"panel entry-content\">\n<div class=\"large-12 columns \">\n<div class=\"tabbed-content woocommerce-tabs\">\n<div id=\"tab-description\" class=\"panel entry-content\">\n<div id=\"tab-description\" class=\"panel entry-content\">\n<div id=\"tab-description\" class=\"panel entry-content\">\n<div class=\"large-12 columns \">\n<div class=\"tabbed-content woocommerce-tabs\">\n<div id=\"tab-description\" class=\"panel entry-content\">\n<div id=\"tab-description\" class=\"panel entry-content\">\n<div class=\"large-12 columns \">\n<div class=\"tabbed-content woocommerce-tabs\">\n<div id=\"tab-description\" class=\"panel entry-content\">\n<div id=\"tab-description\" class=\"panel entry-content\">\n<div id=\"tab-description\" class=\"panel entry-content\">\n<p><span class=\"teaser&quot;\">Shun<em> Premier Tim M\u00e4lzer<\/em> s\u0113rija ir \u012bpa\u0161i piel\u0101gota profesion\u0101lo pav\u0101ru vajadz\u012bb\u0101m un pras\u012bb\u0101m. \u0160aj\u0101 kolekcij\u0101 labi paz\u012bstam\u0101s <em>Shun Classic<\/em> s\u0113rijas augstas kvalit\u0101tes materi\u0101la \u012bpa\u0161\u012bbas ir apvienotas ar jaunu un sp\u0113c\u012bgu izskatu. Asme\u0146i ir sadal\u012bti tr\u012bs da\u017e\u0101d\u0101s tekst\u016br\u0101s, asme\u0146a gals \u2013 l\u012bdz vidus da\u013cai ir izkalts, lai izveidotu virsmu, kas paz\u012bstama k\u0101 <em>Tsuchime<\/em>.<\/span><\/p>\n<p>Pateicoties simetriskai formai, na\u017ea rokturis ir piem\u0113rots gan krei\u013ciem, gan labro\u010diem. Nep\u0101rtraukt\u0101 asmens l\u012bnija roktur\u012b nodro\u0161ina stabilit\u0101ti un l\u012bdzsvaru grie\u0161anas laik\u0101. \u012apa\u0161s dizaina elements \u2013 roktura gal\u0101 iegrav\u0113ta <em>Tim M\u00e4lzer\u2019s<\/em> bu\u013c\u013ca galva, kas profesion\u0101l\u0101 \u0161efpav\u0101ru pre\u010du z\u012bme.<\/p>\n<p>Lai uzzin\u0101tu vair\u0101k, l\u016bdzu, sazinieties ar mums!<\/p>\n<\/div>\n<\/div>\n<\/div>\n<\/div>\n<\/div>\n<\/div>\n<\/div>\n<\/div>\n<\/div>\n<\/div>\n<\/div>\n<\/div>\n<\/div>\n<\/div>\n<\/div>\n<\/div>\n<\/div>\n<\/div>\n<\/div>\n<\/div>\n<\/div>\n<\/div>\n<\/div>\n<\/div>\n<\/div>\n<\/div>\n<\/div>\n","protected":false},"excerpt":{"rendered":"<p><img loading=\"lazy\" decoding=\"async\" class=\"alignnone wp-image-75020\" src=\"https:\/\/www.xcelsiorselection.com\/wp-content\/uploads\/2019\/05\/KAI-logo-2.jpg\" alt=\"\" width=\"144\" height=\"63\" srcset=\"https:\/\/www.xcelsiorselection.com\/wp-content\/uploads\/2019\/05\/KAI-logo-2.jpg 1290w, https:\/\/www.xcelsiorselection.com\/wp-content\/uploads\/2019\/05\/KAI-logo-2-768x335.jpg 768w, https:\/\/www.xcelsiorselection.com\/wp-content\/uploads\/2019\/05\/KAI-logo-2-600x261.jpg 600w\" sizes=\"(max-width: 144px) 100vw, 144px\" \/><\/p>\n<p><span class=\"tlid-translation translation\" lang=\"lv\"><span title=\"\">Ra\u017eot\u0101js: Kai<\/span><br \/>\n<span title=\"\">Shun Premier Tim M\u00e4lzer<\/span><br \/>\n<span title=\"\">Materi\u0101ls: t\u0113rauds, koks<\/span><br \/>\n<span class=\"\" title=\"\">Izm\u0113rs: asmens 16,5 cm<\/span><br \/>\n<span title=\"\">rokturis 11 cm<\/span><\/span><\/p>\n","protected":false},"featured_media":75064,"comment_status":"closed","ping_status":"closed","template":"","meta":[],"_links":{"self":[{"href":"https:\/\/www.xcelsiorselection.com\/lv\/wp-json\/wp\/v2\/product\/75066\/"}],"collection":[{"href":"https:\/\/www.xcelsiorselection.com\/lv\/wp-json\/wp\/v2\/product\/"}],"about":[{"href":"https:\/\/www.xcelsiorselection.com\/lv\/wp-json\/wp\/v2\/types\/product\/"}],"replies":[{"embeddable":true,"href":"https:\/\/www.xcelsiorselection.com\/lv\/wp-json\/wp\/v2\/comments\/?post=75066"}],"wp:featuredmedia":[{"embeddable":true,"href":"https:\/\/www.xcelsiorselection.com\/lv\/wp-json\/wp\/v2\/media\/75064\/"}],"wp:attachment":[{"href":"https:\/\/www.xcelsiorselection.com\/lv\/wp-json\/wp\/v2\/media\/?parent=75066"}],"curies":[{"name":"wp","href":"https:\/\/api.w.org\/{rel}","templated":true}]}}