

{"id":85282,"date":"2020-06-03T14:54:04","date_gmt":"2020-06-03T12:54:04","guid":{"rendered":"https:\/\/www.xcelsiorselection.com\/product\/shade-outdoor-rug-palette-4\/"},"modified":"2020-06-03T15:00:29","modified_gmt":"2020-06-03T13:00:29","slug":"shade-outdoor-rug-palette-4","status":"publish","type":"product","link":"https:\/\/www.xcelsiorselection.com\/lv\/product\/shade-outdoor-rug-palette-4\/","title":{"rendered":"Shade \u0101ra pakl\u0101js, Palette 4"},"content":{"rendered":"<p>Kad 1987. gad\u0101 Nani Marquina piev\u0113rs\u0101s pakl\u0101ju ra\u017eo\u0161anai, atverot pati savu r\u016bpn\u012bcu Barselon\u0101, vi\u0146as iniciat\u012bvas iemesls bija vienk\u0101r\u0161s \u2013 industrijai bija piln\u012bgi sve\u0161s modernas gr\u012bdas segas j\u0113dziens. T\u0101das tolaik m\u0113be\u013cu un gaismas dizainam pied\u0113v\u0113t\u0101s kvalit\u0101tes k\u0101 inov\u0101cija un eksperiments, asto\u0146desmito gadu nogal\u0113 nek\u0101di nesaist\u012bj\u0101s ar pakl\u0101jiem. Tie\u0161i otr\u0101di \u2013 tie rais\u012bja asoci\u0101cijas ar ant\u012bko, neaktu\u0101lo un izteikti tradicion\u0101lo. L\u012bdz ar z\u012bmola kolor\u012bto dizainu Nani kardin<span class=\"text_exposed_show\">\u0101li main\u012bja visp\u0101ratz\u012bto uzskatu. Vi\u0146as vad\u012bb\u0101 meistar\u012bgs amatnieku roku darbs iemantoja glu\u017ei jaunus, laikmet\u012bgus vaibstus.\u00a0<\/span>Da\u017eus gadus p\u0113c dibin\u0101\u0161anas, r\u016bpn\u012bca p\u0101rc\u0113la ra\u017eotni uz Indiju, kur p\u0113tot austrumu tekstila trad\u012bcijas, t\u0101 atrodas ar\u012b \u0161odien. Katrs pakl\u0101js ir unik\u0101ls roku darbs.<\/p>\n","protected":false},"excerpt":{"rendered":"<p><img loading=\"lazy\" decoding=\"async\" class=\"\" src=\"https:\/\/www.xcelsiorselection.com\/wp-content\/uploads\/2020\/06\/nanimarquina-logo-red.png\" width=\"173\" height=\"28\" \/><br \/>\n\u0100ra pakl\u0101js<br \/>\nRa\u017eot\u0101js: Nanimarquina<br \/>\n\u0160\u0137iedra: 100% PET<br \/>\nIzm\u0113rs: 170 x 240 cm<\/p>\n","protected":false},"featured_media":85280,"comment_status":"closed","ping_status":"closed","template":"","meta":[],"_links":{"self":[{"href":"https:\/\/www.xcelsiorselection.com\/lv\/wp-json\/wp\/v2\/product\/85282\/"}],"collection":[{"href":"https:\/\/www.xcelsiorselection.com\/lv\/wp-json\/wp\/v2\/product\/"}],"about":[{"href":"https:\/\/www.xcelsiorselection.com\/lv\/wp-json\/wp\/v2\/types\/product\/"}],"replies":[{"embeddable":true,"href":"https:\/\/www.xcelsiorselection.com\/lv\/wp-json\/wp\/v2\/comments\/?post=85282"}],"wp:featuredmedia":[{"embeddable":true,"href":"https:\/\/www.xcelsiorselection.com\/lv\/wp-json\/wp\/v2\/media\/85280\/"}],"wp:attachment":[{"href":"https:\/\/www.xcelsiorselection.com\/lv\/wp-json\/wp\/v2\/media\/?parent=85282"}],"curies":[{"name":"wp","href":"https:\/\/api.w.org\/{rel}","templated":true}]}}