

{"id":85651,"date":"2020-06-27T11:43:36","date_gmt":"2020-06-27T09:43:36","guid":{"rendered":"https:\/\/www.xcelsiorselection.com\/product\/gueridon-o90\/"},"modified":"2020-06-27T11:50:23","modified_gmt":"2020-06-27T09:50:23","slug":"gueridon-o90","status":"publish","type":"product","link":"https:\/\/www.xcelsiorselection.com\/lv\/product\/gueridon-o90\/","title":{"rendered":"Galds Gu\u00e9ridon \u00d890"},"content":{"rendered":"<p>Galds Gu\u00e9ridon, kuru Par\u012bzes Universit\u0101tei izgatavoja dizaineris un in\u017eenieris \u017dans Prouv\u0113, ir p\u0101rliecino\u0161s skaidru struktur\u0101lo principu piem\u0113rs. \u0160o koka galdu Prouv\u00e9 rad\u012bjis no dab\u012bga materi\u0101la, pier\u0101dot, ka m\u016bsdienu galdiem nav j\u0101b\u016bt izgatavotiem no t\u0113rauda un stikla.<\/p>\n","protected":false},"excerpt":{"rendered":"<p><img loading=\"lazy\" decoding=\"async\" class=\"\" src=\"http:\/\/www.xcelsiorselection.com\/wp-content\/uploads\/2016\/02\/vitra.jpg\" alt=\"vitra\" width=\"144\" height=\"47\" \/><\/p>\n<p>Ra\u017eot\u0101js: Vitra<br \/>\nDizains: Jean Prouv\u00e9, 1949<br \/>\nMateri\u0101ls: ozolkoks, iee\u013c\u013cots<br \/>\nIzm\u0113rs: \u00d890 x 74 cm<\/p>\n","protected":false},"featured_media":85640,"comment_status":"closed","ping_status":"closed","template":"","meta":[],"_links":{"self":[{"href":"https:\/\/www.xcelsiorselection.com\/lv\/wp-json\/wp\/v2\/product\/85651\/"}],"collection":[{"href":"https:\/\/www.xcelsiorselection.com\/lv\/wp-json\/wp\/v2\/product\/"}],"about":[{"href":"https:\/\/www.xcelsiorselection.com\/lv\/wp-json\/wp\/v2\/types\/product\/"}],"replies":[{"embeddable":true,"href":"https:\/\/www.xcelsiorselection.com\/lv\/wp-json\/wp\/v2\/comments\/?post=85651"}],"wp:featuredmedia":[{"embeddable":true,"href":"https:\/\/www.xcelsiorselection.com\/lv\/wp-json\/wp\/v2\/media\/85640\/"}],"wp:attachment":[{"href":"https:\/\/www.xcelsiorselection.com\/lv\/wp-json\/wp\/v2\/media\/?parent=85651"}],"curies":[{"name":"wp","href":"https:\/\/api.w.org\/{rel}","templated":true}]}}