

{"id":85669,"date":"2020-06-27T12:33:05","date_gmt":"2020-06-27T10:33:05","guid":{"rendered":"https:\/\/www.xcelsiorselection.com\/product\/tabouret-solvay\/"},"modified":"2020-06-27T12:38:01","modified_gmt":"2020-06-27T10:38:01","slug":"tabouret-solvay","status":"publish","type":"product","link":"https:\/\/www.xcelsiorselection.com\/lv\/product\/tabouret-solvay\/","title":{"rendered":"Taburete Solvay"},"content":{"rendered":"<p>Taburete Solvay ir nek\u013c\u016bd\u012bgs \u017dana Prouv\u0113 paraksts, kas atspogu\u013co est\u0113tiku, kuras pamat\u0101 ir konstrukcijas pras\u012bbas. Iztur\u012bg\u0101 taburete ir pieejama dab\u012bg\u0101 ozolkok\u0101, tum\u0161\u0101 ozolkok\u0101 vai amerik\u0101\u0146u valriekstkok\u0101.<\/p>\n","protected":false},"excerpt":{"rendered":"<p><img loading=\"lazy\" decoding=\"async\" class=\"\" src=\"http:\/\/www.xcelsiorselection.com\/wp-content\/uploads\/2016\/02\/vitra.jpg\" alt=\"vitra\" width=\"144\" height=\"47\" \/><\/p>\n<p>Ra\u017eot\u0101js: Vitra<br \/>\nDizains: Jean Prouv\u00e9, 1941<br \/>\nMateri\u0101ls: tum\u0161s ozolkoks, iee\u013c\u013cots<br \/>\nIzm\u0113rs: \u00d835 x 45 cm<\/p>\n","protected":false},"featured_media":85661,"comment_status":"closed","ping_status":"closed","template":"","meta":[],"_links":{"self":[{"href":"https:\/\/www.xcelsiorselection.com\/lv\/wp-json\/wp\/v2\/product\/85669\/"}],"collection":[{"href":"https:\/\/www.xcelsiorselection.com\/lv\/wp-json\/wp\/v2\/product\/"}],"about":[{"href":"https:\/\/www.xcelsiorselection.com\/lv\/wp-json\/wp\/v2\/types\/product\/"}],"replies":[{"embeddable":true,"href":"https:\/\/www.xcelsiorselection.com\/lv\/wp-json\/wp\/v2\/comments\/?post=85669"}],"wp:featuredmedia":[{"embeddable":true,"href":"https:\/\/www.xcelsiorselection.com\/lv\/wp-json\/wp\/v2\/media\/85661\/"}],"wp:attachment":[{"href":"https:\/\/www.xcelsiorselection.com\/lv\/wp-json\/wp\/v2\/media\/?parent=85669"}],"curies":[{"name":"wp","href":"https:\/\/api.w.org\/{rel}","templated":true}]}}