

{"id":85717,"date":"2020-07-01T16:46:35","date_gmt":"2020-07-01T14:46:35","guid":{"rendered":"https:\/\/www.xcelsiorselection.com\/product\/trapeze\/"},"modified":"2020-07-01T17:01:42","modified_gmt":"2020-07-01T15:01:42","slug":"trapeze","status":"publish","type":"product","link":"https:\/\/www.xcelsiorselection.com\/lv\/product\/trapeze\/","title":{"rendered":"Galds Trap\u00e8ze"},"content":{"rendered":"<p>T\u0101pat k\u0101 kr\u0113sls Antony, galds Trap\u00e8ze s\u0101kotn\u0113ji tika izstr\u0101d\u0101ts Cit\u00e9 Universit\u0101tei Antonij\u0101 net\u0101lu no Par\u012bzes, un tas ir viens no p\u0113d\u0113jiem objektiem, ko m\u0113be\u013cu dizaina jom\u0101 izveidojis fran\u010du \u201ckonstruktors\u201d Jean Prouv\u00e9. Nosaukums Trap\u00e8ze nor\u0101da uz p\u0101r\u012b novietoto k\u0101ju formu, kas izgatavoti no liekta t\u0113rauda loksnes. Kop\u0101 ar biez\u0101m, sl\u012bpi novietot\u0101m galda virsmas mal\u0101m tie uzsver konstrukcijas stabilo izskatu.<\/p>\n","protected":false},"excerpt":{"rendered":"<p><img loading=\"lazy\" decoding=\"async\" class=\"\" src=\"http:\/\/www.xcelsiorselection.com\/wp-content\/uploads\/2016\/02\/vitra.jpg\" alt=\"vitra\" width=\"144\" height=\"47\" \/><\/p>\n<p>Ra\u017eot\u0101js: Vitra<br \/>\nDizains: Jean Prouv\u00e9, 1950\/1954<br \/>\nMateri\u0101ls: lamin\u0101ts, liekts lok\u0161\u0146u t\u0113rauds<br \/>\nIzm\u0113rs: 223 x 72,5 x 72 cm<\/p>\n","protected":false},"featured_media":85706,"comment_status":"closed","ping_status":"closed","template":"","meta":[],"_links":{"self":[{"href":"https:\/\/www.xcelsiorselection.com\/lv\/wp-json\/wp\/v2\/product\/85717\/"}],"collection":[{"href":"https:\/\/www.xcelsiorselection.com\/lv\/wp-json\/wp\/v2\/product\/"}],"about":[{"href":"https:\/\/www.xcelsiorselection.com\/lv\/wp-json\/wp\/v2\/types\/product\/"}],"replies":[{"embeddable":true,"href":"https:\/\/www.xcelsiorselection.com\/lv\/wp-json\/wp\/v2\/comments\/?post=85717"}],"wp:featuredmedia":[{"embeddable":true,"href":"https:\/\/www.xcelsiorselection.com\/lv\/wp-json\/wp\/v2\/media\/85706\/"}],"wp:attachment":[{"href":"https:\/\/www.xcelsiorselection.com\/lv\/wp-json\/wp\/v2\/media\/?parent=85717"}],"curies":[{"name":"wp","href":"https:\/\/api.w.org\/{rel}","templated":true}]}}