

{"id":85779,"date":"2020-07-03T14:58:29","date_gmt":"2020-07-03T12:58:29","guid":{"rendered":"https:\/\/www.xcelsiorselection.com\/product\/marahram-millerstripe-bright-pillow\/"},"modified":"2020-07-03T15:07:41","modified_gmt":"2020-07-03T13:07:41","slug":"marahram-millerstripe-bright-pillow","status":"publish","type":"product","link":"https:\/\/www.xcelsiorselection.com\/lv\/product\/marahram-millerstripe-bright-pillow\/","title":{"rendered":"Marahram Millerstripe spilvens"},"content":{"rendered":"<p>\u201c20. gadsimta tekstilizstr\u0101d\u0101jumi\u201d ir \u013coti izteiksm\u012bga spilvenu kolekcija, kas ietver vair\u0101ku le\u0123end\u0101ru dizaineru un arhitektu mot\u012bvus un mode\u013cus. Katram no \u0161iem spilveniem &#8211; ko izgatavojusi \u0145ujorkas tekstilizstr\u0101d\u0101jumu komp\u0101nija Maharam &#8211; piem\u012bt p\u0101rsteidzo\u0161s individu\u0101ls raksturs, ta\u010du tos var ar\u012b skaisti kombin\u0113t sav\u0101 starp\u0101.<\/p>\n","protected":false},"excerpt":{"rendered":"<p><img loading=\"lazy\" decoding=\"async\" class=\"\" src=\"http:\/\/www.xcelsiorselection.com\/wp-content\/uploads\/2016\/02\/vitra.jpg\" alt=\"vitra\" width=\"144\" height=\"47\" \/><\/p>\n<p>Ra\u017eot\u0101js: Vitra<br \/>\nDizains: Alexander Girard, 1973<br \/>\nPild\u012bjums: p\u012b\u013cu d\u016bnas<br \/>\nIzm\u0113rs: 40 x 40 cm<\/p>\n","protected":false},"featured_media":85758,"comment_status":"closed","ping_status":"closed","template":"","meta":[],"_links":{"self":[{"href":"https:\/\/www.xcelsiorselection.com\/lv\/wp-json\/wp\/v2\/product\/85779\/"}],"collection":[{"href":"https:\/\/www.xcelsiorselection.com\/lv\/wp-json\/wp\/v2\/product\/"}],"about":[{"href":"https:\/\/www.xcelsiorselection.com\/lv\/wp-json\/wp\/v2\/types\/product\/"}],"replies":[{"embeddable":true,"href":"https:\/\/www.xcelsiorselection.com\/lv\/wp-json\/wp\/v2\/comments\/?post=85779"}],"wp:featuredmedia":[{"embeddable":true,"href":"https:\/\/www.xcelsiorselection.com\/lv\/wp-json\/wp\/v2\/media\/85758\/"}],"wp:attachment":[{"href":"https:\/\/www.xcelsiorselection.com\/lv\/wp-json\/wp\/v2\/media\/?parent=85779"}],"curies":[{"name":"wp","href":"https:\/\/api.w.org\/{rel}","templated":true}]}}