

{"id":85965,"date":"2020-07-08T15:25:17","date_gmt":"2020-07-08T13:25:17","guid":{"rendered":"https:\/\/www.xcelsiorselection.com\/product\/sea-things-tray\/"},"modified":"2020-07-08T15:31:30","modified_gmt":"2020-07-08T13:31:30","slug":"sea-things-tray","status":"publish","type":"product","link":"https:\/\/www.xcelsiorselection.com\/lv\/product\/sea-things-tray\/","title":{"rendered":"Papl\u0101te Sea Things"},"content":{"rendered":"<p>Sea Things ir Rejas \u012amsas 1945. gad\u0101 izveidots raksts. Taj\u0101 atveidota zem\u016bdens pasaule, kas pilna ar j\u016bras zvaigzn\u0113m, med\u016bz\u0101m, v\u0113\u017eveid\u012bgajiem, a\u013c\u0123\u0113m un cit\u0101m interesant\u0101m rad\u012bb\u0101m. Raksts tika veidots t\u0101, lai to var\u0113tu atk\u0101rtot horizont\u0101li vai vertik\u0101li vai izmantot tikai da\u013c\u0113ji &#8211; vienm\u0113r uzburot dz\u012bv\u012bgu zem\u016bdens pasauli.<\/p>\n<p>&nbsp;<\/p>\n","protected":false},"excerpt":{"rendered":"<p><img loading=\"lazy\" decoding=\"async\" src=\"http:\/\/www.xcelsiorselection.com\/wp-content\/uploads\/2016\/02\/vitra.jpg\" alt=\"vitra\" width=\"133\" height=\"43\" \/><\/p>\n<p>Ra\u017eot\u0101js: Vitra<br \/>\nDizains: Charles &amp; Ray Eames<br \/>\nMateri\u0101ls: lamin\u0113ts sapl\u0101ksnis<br \/>\nIzm\u0113rs: 46 x 35,5 cm<\/p>\n","protected":false},"featured_media":85963,"comment_status":"closed","ping_status":"closed","template":"","meta":[],"_links":{"self":[{"href":"https:\/\/www.xcelsiorselection.com\/lv\/wp-json\/wp\/v2\/product\/85965\/"}],"collection":[{"href":"https:\/\/www.xcelsiorselection.com\/lv\/wp-json\/wp\/v2\/product\/"}],"about":[{"href":"https:\/\/www.xcelsiorselection.com\/lv\/wp-json\/wp\/v2\/types\/product\/"}],"replies":[{"embeddable":true,"href":"https:\/\/www.xcelsiorselection.com\/lv\/wp-json\/wp\/v2\/comments\/?post=85965"}],"wp:featuredmedia":[{"embeddable":true,"href":"https:\/\/www.xcelsiorselection.com\/lv\/wp-json\/wp\/v2\/media\/85963\/"}],"wp:attachment":[{"href":"https:\/\/www.xcelsiorselection.com\/lv\/wp-json\/wp\/v2\/media\/?parent=85965"}],"curies":[{"name":"wp","href":"https:\/\/api.w.org\/{rel}","templated":true}]}}