

{"id":86018,"date":"2020-07-09T10:37:58","date_gmt":"2020-07-09T08:37:58","guid":{"rendered":"https:\/\/www.xcelsiorselection.com\/product\/esu-shelf-1-hu\/"},"modified":"2020-07-09T11:29:18","modified_gmt":"2020-07-09T09:29:18","slug":"esu-shelf-1-hu","status":"publish","type":"product","link":"https:\/\/www.xcelsiorselection.com\/lv\/product\/esu-shelf-1-hu\/","title":{"rendered":"Plaukts ESU &#8211; 1 HU"},"content":{"rendered":"<p>1949. gad\u0101 \u010c\u0101rlzs un Reja \u012amsi izstr\u0101d\u0101ja novatorisku, br\u012bvi st\u0101vo\u0161u, daudzfunkcion\u0101lu plauktu un galdi\u0146u sist\u0113mu.<\/p>\n<p>Sadarb\u012bb\u0101 ar Eames biroju un holandie\u0161u dizaineri Hella Jongerius tika izv\u0113l\u0113ta r\u016bp\u012bgi defin\u0113ta jauna kr\u0101su sh\u0113ma, lai ESU un EDU ieg\u016btu svaigu un m\u016bsdien\u012bgu izskatu, vienlaikus svinot 1940. un 50. gadu garu. ESU plaukts ir pieejams da\u017e\u0101dos augstumos, s\u0101kot no zem\u0101 plaukta l\u012bdz lielam gr\u0101matu plauktam. ESU gr\u0101matu skapis ir nedaudz \u0161aur\u0101ks un apr\u012bkots ar atvilktn\u0113m un b\u012bd\u0101m\u0101m durv\u012bm, lai nodro\u0161in\u0101tu praktiskas uzglab\u0101\u0161anas iesp\u0113jas.<\/p>\n","protected":false},"excerpt":{"rendered":"<p><img loading=\"lazy\" decoding=\"async\" src=\"http:\/\/www.xcelsiorselection.com\/wp-content\/uploads\/2016\/02\/vitra.jpg\" alt=\"vitra\" width=\"133\" height=\"43\" \/><\/p>\n<p>Ra\u017eot\u0101js: Vitra<br \/>\nDizains: Charles &amp; Ray Eames, 1949<br \/>\nMateri\u0101ls: met\u0101ls, b\u0113rza finieris,<br \/>\nar pulveri p\u0101rkl\u0101ts alum\u012bnijs<br \/>\nIzm\u0113rs: 179,5 x 42 x 50,5 cm<\/p>\n","protected":false},"featured_media":85998,"comment_status":"closed","ping_status":"closed","template":"","meta":[],"_links":{"self":[{"href":"https:\/\/www.xcelsiorselection.com\/lv\/wp-json\/wp\/v2\/product\/86018\/"}],"collection":[{"href":"https:\/\/www.xcelsiorselection.com\/lv\/wp-json\/wp\/v2\/product\/"}],"about":[{"href":"https:\/\/www.xcelsiorselection.com\/lv\/wp-json\/wp\/v2\/types\/product\/"}],"replies":[{"embeddable":true,"href":"https:\/\/www.xcelsiorselection.com\/lv\/wp-json\/wp\/v2\/comments\/?post=86018"}],"wp:featuredmedia":[{"embeddable":true,"href":"https:\/\/www.xcelsiorselection.com\/lv\/wp-json\/wp\/v2\/media\/85998\/"}],"wp:attachment":[{"href":"https:\/\/www.xcelsiorselection.com\/lv\/wp-json\/wp\/v2\/media\/?parent=86018"}],"curies":[{"name":"wp","href":"https:\/\/api.w.org\/{rel}","templated":true}]}}