

{"id":86050,"date":"2020-07-09T16:44:18","date_gmt":"2020-07-09T14:44:18","guid":{"rendered":"https:\/\/www.xcelsiorselection.com\/product\/chronopak-clock\/"},"modified":"2020-07-09T17:08:18","modified_gmt":"2020-07-09T15:08:18","slug":"chronopak-clock","status":"publish","type":"product","link":"https:\/\/www.xcelsiorselection.com\/lv\/product\/chronopak-clock\/","title":{"rendered":"Galda pulkstenis Chronopak"},"content":{"rendered":"<p>Amerik\u0101\u0146u dz\u012bves uztvere 1950. gados tika balst\u012bta uz tic\u012bbu progresam un augo\u0161ajam labkl\u0101j\u012bbas l\u012bmenim. Viss \u0161\u0137ita iesp\u0113jams un pasaule k\u013cuva \u201cmoderna\u201d. Ar m\u0113r\u0137i, ieviest modernus priek\u0161metus Amerikas m\u0101jok\u013cos, dizaineris D\u017eord\u017es Nelsons rad\u012bja da\u017e\u0101dus priek\u0161metus ikdienai \u2013\u00a0 lampas, pulkste\u0146us \u2013 k\u0101 ar\u012b citus interjera aksesu\u0101rus. Daudzi no vi\u0146a rad\u012btajiem priek\u0161metiem nu jau k\u013cuvu\u0161i par dizaina ikon\u0101m.<br \/>\nGalda pulkste\u0146u kolekcija pieejama da\u017e\u0101dos izm\u0113ros un materi\u0101los. Tie veidoti no augstas kvalit\u0101tes materi\u0101liem, lai papildus praktiskajam nol\u016bkam, pie\u0161\u0137irtu \u012bpa\u0161u noska\u0146u interjer\u0101.<\/p>\n","protected":false},"excerpt":{"rendered":"<p><img loading=\"lazy\" decoding=\"async\" src=\"http:\/\/www.xcelsiorselection.com\/wp-content\/uploads\/2016\/02\/vitra.jpg\" alt=\"vitra\" width=\"133\" height=\"43\" \/><\/p>\n<p>Ra\u017eot\u0101js: Vitra<br \/>\nDizains: George Nelson<br \/>\nMateri\u0101ls: misi\u0146\u0161, akrila stikls, koks<br \/>\nIzm\u0113rs: 11,5 x 11,5 x 16,9 cm<\/p>\n","protected":false},"featured_media":86029,"comment_status":"closed","ping_status":"closed","template":"","meta":[],"_links":{"self":[{"href":"https:\/\/www.xcelsiorselection.com\/lv\/wp-json\/wp\/v2\/product\/86050\/"}],"collection":[{"href":"https:\/\/www.xcelsiorselection.com\/lv\/wp-json\/wp\/v2\/product\/"}],"about":[{"href":"https:\/\/www.xcelsiorselection.com\/lv\/wp-json\/wp\/v2\/types\/product\/"}],"replies":[{"embeddable":true,"href":"https:\/\/www.xcelsiorselection.com\/lv\/wp-json\/wp\/v2\/comments\/?post=86050"}],"wp:featuredmedia":[{"embeddable":true,"href":"https:\/\/www.xcelsiorselection.com\/lv\/wp-json\/wp\/v2\/media\/86029\/"}],"wp:attachment":[{"href":"https:\/\/www.xcelsiorselection.com\/lv\/wp-json\/wp\/v2\/media\/?parent=86050"}],"curies":[{"name":"wp","href":"https:\/\/api.w.org\/{rel}","templated":true}]}}