

{"id":86235,"date":"2020-07-14T16:50:24","date_gmt":"2020-07-14T14:50:24","guid":{"rendered":"https:\/\/www.xcelsiorselection.com\/product\/fauteuil-de-salon\/"},"modified":"2020-07-14T16:59:21","modified_gmt":"2020-07-14T14:59:21","slug":"fauteuil-de-salon","status":"publish","type":"product","link":"https:\/\/www.xcelsiorselection.com\/lv\/product\/fauteuil-de-salon\/","title":{"rendered":"Fauteuil de Salon"},"content":{"rendered":"<p>Atp\u016btas kr\u0113sls Fauteuil de Salon apvieno vienk\u0101r\u0161as formas radot arhitekt\u016bras objektu ar \u0113rtu s\u0113dek\u013ca virsmu un atzveltni. Atkal atkl\u0101ts fran\u010du in\u017eeniera \u017dana Prouv\u0113 arh\u012bvos, kr\u0113sls ir atjaunin\u0101ts m\u016bsdienu kr\u0101su palet\u0113. Ar iee\u013c\u013cotiem, mas\u012bvkoka roku balstiem un dizainerim rakstur\u012bgo struktur\u0101lo est\u0113tiku Fauteuil de Salon var ide\u0101li apvienot ar citiem Prouv\u00e9 kolekcijas mode\u013ciem.<\/p>\n","protected":false},"excerpt":{"rendered":"<p><img loading=\"lazy\" decoding=\"async\" class=\"\" src=\"http:\/\/www.xcelsiorselection.com\/wp-content\/uploads\/2016\/02\/vitra.jpg\" alt=\"vitra\" width=\"144\" height=\"47\" \/><\/p>\n<p>Ra\u017eot\u0101js: Vitra<br \/>\nDizains: Jean Prouv\u00e9, 1939<br \/>\nIzm\u0113rs: 68 x 84 x 82,5 cm<br \/>\nB\u0101ze: ecru, ar pulveri kr\u0101sots t\u0113rauds<br \/>\nAudums: Twill, za\u013cganpel\u0113ks<br \/>\nRoku balsti: tum\u0161s ozolkoks<\/p>\n","protected":false},"featured_media":86233,"comment_status":"closed","ping_status":"closed","template":"","meta":[],"_links":{"self":[{"href":"https:\/\/www.xcelsiorselection.com\/lv\/wp-json\/wp\/v2\/product\/86235\/"}],"collection":[{"href":"https:\/\/www.xcelsiorselection.com\/lv\/wp-json\/wp\/v2\/product\/"}],"about":[{"href":"https:\/\/www.xcelsiorselection.com\/lv\/wp-json\/wp\/v2\/types\/product\/"}],"replies":[{"embeddable":true,"href":"https:\/\/www.xcelsiorselection.com\/lv\/wp-json\/wp\/v2\/comments\/?post=86235"}],"wp:featuredmedia":[{"embeddable":true,"href":"https:\/\/www.xcelsiorselection.com\/lv\/wp-json\/wp\/v2\/media\/86233\/"}],"wp:attachment":[{"href":"https:\/\/www.xcelsiorselection.com\/lv\/wp-json\/wp\/v2\/media\/?parent=86235"}],"curies":[{"name":"wp","href":"https:\/\/api.w.org\/{rel}","templated":true}]}}