

{"id":86281,"date":"2020-07-15T09:49:03","date_gmt":"2020-07-15T07:49:03","guid":{"rendered":"https:\/\/www.xcelsiorselection.com\/product\/nelson-bench\/"},"modified":"2020-07-15T09:57:52","modified_gmt":"2020-07-15T07:57:52","slug":"nelson-bench","status":"publish","type":"product","link":"https:\/\/www.xcelsiorselection.com\/lv\/product\/nelson-bench\/","title":{"rendered":"Sols Nelson Bench"},"content":{"rendered":"<div class=\"vitra--product-hero\" data-id=\"vitra--product-hero-0\" data-state=\"{&quot;content&quot;:[{&quot;id&quot;:&quot;Sub|21023101&quot;,&quot;asset_id&quot;:&quot;37976&quot;,&quot;title&quot;:&quot;Nelson Bench&quot;,&quot;subtitle&quot;:&quot;George Nelson, 1946&quot;,&quot;description&quot;:&quot;The Nelson Bench is made of ash, combining the natural colour of the seat with a black finish on the base. Its clean linear aesthetic underlines the architectural background of the designer, George Nelson. It can be used as a bench or low table and is available in two different lengths.&quot;,&quot;show&quot;:true,&quot;hasProducts&quot;:true,&quot;priceMap&quot;:{},&quot;links&quot;:[],&quot;images&quot;:[{&quot;alt&quot;:&quot;alt&quot;,&quot;srcSet&quot;:[{&quot;src&quot;:&quot;https:\/\/static.vitra.com\/media\/asset\/1367298\/storage\/v_fullbleed_1440x\/43366843.jpg&quot;,&quot;width&quot;:1440,&quot;height&quot;:576}],&quot;translations&quot;:{},&quot;options&quot;:{}}],&quot;colors&quot;:[],&quot;videos&quot;:[],&quot;content&quot;:[],&quot;attributes&quot;:[],&quot;category&quot;:[],&quot;filter&quot;:[],&quot;relevant&quot;:9223372036854776000}],&quot;data&quot;:[],&quot;specials&quot;:[],&quot;newsletters&quot;:[],&quot;category&quot;:[],&quot;products&quot;:[],&quot;image&quot;:{&quot;srcSet&quot;:[],&quot;translations&quot;:{},&quot;options&quot;:{}},&quot;translations&quot;:{&quot;product_hero_actions_addwishlist&quot;:&quot;Add to wish list&quot;,&quot;product_hero_actions_addwishlist_exists&quot;:&quot;Item is on wish list&quot;,&quot;product_hero_actions_addcart&quot;:&quot;Configure Product&quot;,&quot;product_hero_actions_configure&quot;:&quot;Configure Product&quot;},&quot;options&quot;:{&quot;padding&quot;:true,&quot;showBuyNowButton&quot;:false,&quot;showConfigureButton&quot;:false},&quot;id&quot;:&quot;vitra--product-hero-0&quot;}\">\n<div id=\"product-hero-0\" class=\"vitra__product vitra__product--hero vitra__module vitra__module--padding\" data-reactroot=\"\" data-reactid=\"1\" data-react-checksum=\"-1698080872\">\n<div class=\"container--centered\" data-reactid=\"3\">\n<div data-reactid=\"9\">Dizainera v\u0101rd\u0101 nosauktais sols ir izgatavots no o\u0161a, apvienojot s\u0113dek\u013ca dabisko kr\u0101su ar pamatnes melno apdari. T\u0101 t\u012br\u0101, line\u0101r\u0101 est\u0113tika pasv\u012btro dizainera D\u017eord\u017ea Nelsona arhitekt\u016bras fonu. To var izmantot k\u0101 soli\u0146u vai zemu galdu, un tas ir pieejams divos da\u017e\u0101dos garumos.<\/div>\n<\/div>\n<\/div>\n<\/div>\n","protected":false},"excerpt":{"rendered":"<p><img loading=\"lazy\" decoding=\"async\" class=\"\" src=\"http:\/\/www.xcelsiorselection.com\/wp-content\/uploads\/2016\/02\/vitra.jpg\" alt=\"vitra\" width=\"144\" height=\"47\" \/><\/p>\n<p>Ra\u017eot\u0101js: Vitra<br \/>\nDizains: George Nelson, 1946<br \/>\nIzm\u0113rs: 122 x 46,9 x 35,3 cm<br \/>\nMateri\u0101ls: osis, dabiska apdare<br \/>\nB\u0101ze: osis, melni lakots<\/p>\n","protected":false},"featured_media":86279,"comment_status":"closed","ping_status":"closed","template":"","meta":[],"_links":{"self":[{"href":"https:\/\/www.xcelsiorselection.com\/lv\/wp-json\/wp\/v2\/product\/86281\/"}],"collection":[{"href":"https:\/\/www.xcelsiorselection.com\/lv\/wp-json\/wp\/v2\/product\/"}],"about":[{"href":"https:\/\/www.xcelsiorselection.com\/lv\/wp-json\/wp\/v2\/types\/product\/"}],"replies":[{"embeddable":true,"href":"https:\/\/www.xcelsiorselection.com\/lv\/wp-json\/wp\/v2\/comments\/?post=86281"}],"wp:featuredmedia":[{"embeddable":true,"href":"https:\/\/www.xcelsiorselection.com\/lv\/wp-json\/wp\/v2\/media\/86279\/"}],"wp:attachment":[{"href":"https:\/\/www.xcelsiorselection.com\/lv\/wp-json\/wp\/v2\/media\/?parent=86281"}],"curies":[{"name":"wp","href":"https:\/\/api.w.org\/{rel}","templated":true}]}}