

{"id":86323,"date":"2020-07-15T14:57:49","date_gmt":"2020-07-15T12:57:49","guid":{"rendered":"https:\/\/www.xcelsiorselection.com\/?post_type=product&#038;p=86323"},"modified":"2020-07-15T15:05:39","modified_gmt":"2020-07-15T13:05:39","slug":"panton-chair-classic-petrol-copy","status":"publish","type":"product","link":"https:\/\/www.xcelsiorselection.com\/lv\/product\/panton-chair-classic-petrol-copy\/","title":{"rendered":"Panton Chair Classic, hrom\u0113ts"},"content":{"rendered":"<p>Panton kr\u0113sls ir neapstr\u012bdama klasika m\u0113be\u013cu dizain\u0101. \u0160o dizainu 1960.gad\u0101 rad\u012bja Verners Pantons, kur\u0161 1967.gad\u0101, sadarb\u012bb\u0101 ar Vitru, padar\u012bja kr\u0113slu pieejamu pla\u0161ai ra\u017eo\u0161anai. Panton kr\u0113sls ir \u012bpa\u0161s ar to, ka tas ir pirmais kr\u0113sls, kur\u0161 ir izliets no plastmasas vien\u0101 gabal\u0101.\u00a0Kop\u0161 1999.gada kr\u0113sls ir pieejams ar Panton ori\u0123in\u0101lo dizainu, bet mat\u0113tu virsmu.<\/p>\n<p>\u0160\u012b ir ori\u0123in\u0101l\u0101 kr\u0113sla versija no stingr\u0101m poliuret\u0101na put\u0101m ar sp\u012bd\u012bgu lakas p\u0101rkl\u0101jumu, kas tiek p\u0101rdota ar nosaukumu Panton Chair Classic.<\/p>\n","protected":false},"excerpt":{"rendered":"<p><img loading=\"lazy\" decoding=\"async\" src=\"http:\/\/www.xcelsiorselection.com\/wp-content\/uploads\/2016\/02\/vitra.jpg\" alt=\"vitra\" width=\"133\" height=\"43\" \/><\/p>\n<p>Ra\u017eot\u0101js: Vitra<br \/>\nDizains: Verner Panton, 1959\/1960<br \/>\nMateri\u0101ls: poliuret\u0101ns<br \/>\nIzm\u0113ri: 49 x 60 x 83 cm<br \/>\nKr\u0101sa: hrom\u0113ta (limit\u0113ta tir\u0101\u017ea)<\/p>\n","protected":false},"featured_media":86329,"comment_status":"closed","ping_status":"closed","template":"","meta":[],"_links":{"self":[{"href":"https:\/\/www.xcelsiorselection.com\/lv\/wp-json\/wp\/v2\/product\/86323\/"}],"collection":[{"href":"https:\/\/www.xcelsiorselection.com\/lv\/wp-json\/wp\/v2\/product\/"}],"about":[{"href":"https:\/\/www.xcelsiorselection.com\/lv\/wp-json\/wp\/v2\/types\/product\/"}],"replies":[{"embeddable":true,"href":"https:\/\/www.xcelsiorselection.com\/lv\/wp-json\/wp\/v2\/comments\/?post=86323"}],"wp:featuredmedia":[{"embeddable":true,"href":"https:\/\/www.xcelsiorselection.com\/lv\/wp-json\/wp\/v2\/media\/86329\/"}],"wp:attachment":[{"href":"https:\/\/www.xcelsiorselection.com\/lv\/wp-json\/wp\/v2\/media\/?parent=86323"}],"curies":[{"name":"wp","href":"https:\/\/api.w.org\/{rel}","templated":true}]}}