

{"id":86373,"date":"2020-07-16T11:05:12","date_gmt":"2020-07-16T09:05:12","guid":{"rendered":"https:\/\/www.xcelsiorselection.com\/?post_type=product&#038;p=86373"},"modified":"2020-07-16T11:20:20","modified_gmt":"2020-07-16T09:20:20","slug":"koka-galdins-videjs","status":"publish","type":"product","link":"https:\/\/www.xcelsiorselection.com\/lv\/product\/koka-galdins-videjs\/","title":{"rendered":"Koka galdi\u0146\u0161, vid\u0113js"},"content":{"rendered":"<p>Koka galdi\u0146u dizains atsaucas uz met\u0101la s\u0101nu galdi\u0146iem, kurus 2004. gad\u0101 z\u012bmolam Vitra izveidoja Ronan un Erwan Bouroullec. T\u0101pat k\u0101 iepriek\u0161, ar\u012b \u0161ie koka galdi savu pievilc\u012bbu iemanto ar kontrastu starp graciozi pl\u0101no galda virsmu un apjom\u012bgo b\u0101zi. K\u0101 at\u0161\u0137ir\u012bga iez\u012bme sapl\u0101k\u0161\u0146a galda virsmai ir viegli paceltas malas, kas pie\u0161\u0137ir t\u0101m elegantu, gandr\u012bz jap\u0101nisku auru.<\/p>\n<p>Koka galdi\u0146i ir pieejami tr\u012bs izm\u0113ros. Tos var izmantot un kombin\u0113t neskait\u0101mos veidos. Pieejami finier\u012b dab\u012bg\u0101 ozola, tum\u0161\u0101 ozola vai riekstkoka veid\u0101 tie pie\u0161\u0137ir aicino\u0161u, dabisku est\u0113tiku &#8211; un, pateicoties finiera materi\u0101lam, tie ir viegli un \u0113rti p\u0101rvietojami.<\/p>\n","protected":false},"excerpt":{"rendered":"<p><img loading=\"lazy\" decoding=\"async\" src=\"http:\/\/www.xcelsiorselection.com\/wp-content\/uploads\/2016\/02\/vitra.jpg\" alt=\"vitra\" width=\"133\" height=\"43\" \/><\/p>\n<p>Ra\u017eot\u0101js: Vitra<br \/>\nDizains: Ronan &amp; Erwan Bouroullec, 2015<br \/>\nMateri\u0101ls: liekts sapl\u0101ksnis<br \/>\nIzm\u0113ri: 40 x 40 x 45,5 cm<br \/>\nKr\u0101sa: melni pigment\u0113ts valrieksts<\/p>\n","protected":false},"featured_media":86354,"comment_status":"closed","ping_status":"closed","template":"","meta":[],"_links":{"self":[{"href":"https:\/\/www.xcelsiorselection.com\/lv\/wp-json\/wp\/v2\/product\/86373\/"}],"collection":[{"href":"https:\/\/www.xcelsiorselection.com\/lv\/wp-json\/wp\/v2\/product\/"}],"about":[{"href":"https:\/\/www.xcelsiorselection.com\/lv\/wp-json\/wp\/v2\/types\/product\/"}],"replies":[{"embeddable":true,"href":"https:\/\/www.xcelsiorselection.com\/lv\/wp-json\/wp\/v2\/comments\/?post=86373"}],"wp:featuredmedia":[{"embeddable":true,"href":"https:\/\/www.xcelsiorselection.com\/lv\/wp-json\/wp\/v2\/media\/86354\/"}],"wp:attachment":[{"href":"https:\/\/www.xcelsiorselection.com\/lv\/wp-json\/wp\/v2\/media\/?parent=86373"}],"curies":[{"name":"wp","href":"https:\/\/api.w.org\/{rel}","templated":true}]}}