

{"id":86395,"date":"2020-07-16T12:48:26","date_gmt":"2020-07-16T10:48:26","guid":{"rendered":"https:\/\/www.xcelsiorselection.com\/product\/plywood-group-lcw-lounge-chair\/"},"modified":"2020-07-16T13:21:49","modified_gmt":"2020-07-16T11:21:49","slug":"plywood-group-lcw-lounge-chair","status":"publish","type":"product","link":"https:\/\/www.xcelsiorselection.com\/lv\/product\/plywood-group-lcw-lounge-chair\/","title":{"rendered":"Atp\u016btas kr\u0113sls Plywood Group LCW"},"content":{"rendered":"<p>Zemais Lounge Chair Wood (LCW) ir \u010c\u0101rlza un Rejas \u012amsu ikoniskais dizains, kas radies agr\u012bno\u00a0eksperimentu laik\u0101 ar tr\u012bs dimensij\u0101s liektu sapl\u0101ksni.<\/p>\n","protected":false},"excerpt":{"rendered":"<p><img loading=\"lazy\" decoding=\"async\" src=\"http:\/\/www.xcelsiorselection.com\/wp-content\/uploads\/2016\/02\/vitra.jpg\" alt=\"vitra\" width=\"133\" height=\"43\" \/><\/p>\n<p>Ra\u017eot\u0101js: Vitra<br \/>\nDizains: Charles &amp; Ray Eames, 1945\/1946<br \/>\nMateri\u0101ls: sapl\u0101ksnis<br \/>\nIzm\u0113ri: 56 x 61 x 68 cm<br \/>\nKr\u0101sa: dabisks osis<\/p>\n","protected":false},"featured_media":86390,"comment_status":"closed","ping_status":"closed","template":"","meta":[],"_links":{"self":[{"href":"https:\/\/www.xcelsiorselection.com\/lv\/wp-json\/wp\/v2\/product\/86395\/"}],"collection":[{"href":"https:\/\/www.xcelsiorselection.com\/lv\/wp-json\/wp\/v2\/product\/"}],"about":[{"href":"https:\/\/www.xcelsiorselection.com\/lv\/wp-json\/wp\/v2\/types\/product\/"}],"replies":[{"embeddable":true,"href":"https:\/\/www.xcelsiorselection.com\/lv\/wp-json\/wp\/v2\/comments\/?post=86395"}],"wp:featuredmedia":[{"embeddable":true,"href":"https:\/\/www.xcelsiorselection.com\/lv\/wp-json\/wp\/v2\/media\/86390\/"}],"wp:attachment":[{"href":"https:\/\/www.xcelsiorselection.com\/lv\/wp-json\/wp\/v2\/media\/?parent=86395"}],"curies":[{"name":"wp","href":"https:\/\/api.w.org\/{rel}","templated":true}]}}