

{"id":86415,"date":"2020-07-16T15:35:14","date_gmt":"2020-07-16T13:35:14","guid":{"rendered":"https:\/\/www.xcelsiorselection.com\/product\/plywood-group-dcw-dining-chair\/"},"modified":"2020-07-16T15:44:00","modified_gmt":"2020-07-16T13:44:00","slug":"plywood-group-dcw-dining-chair","status":"publish","type":"product","link":"https:\/\/www.xcelsiorselection.com\/lv\/product\/plywood-group-dcw-dining-chair\/","title":{"rendered":"Kr\u0113sls Plywood Group DCW"},"content":{"rendered":"<p>DCW (\u0113damistabas koka kr\u0113sls) ir \u010c\u0101rlza un Rejas \u012amsu ikonisks dizains, kas radies agr\u012bno\u00a0eksperimentu laik\u0101 ar tr\u012bs dimensij\u0101s liektu sapl\u0101ksni. Piln\u012bb\u0101 no koka izgatavots, \u0161is kr\u0113sls \u0161odien ir tikpat m\u016bsdien\u012bgs k\u0101 laik\u0101, kad tas tika rad\u012bts.<\/p>\n","protected":false},"excerpt":{"rendered":"<p><img loading=\"lazy\" decoding=\"async\" src=\"http:\/\/www.xcelsiorselection.com\/wp-content\/uploads\/2016\/02\/vitra.jpg\" alt=\"vitra\" width=\"133\" height=\"43\" \/><\/p>\n<p>Ra\u017eot\u0101js: Vitra<br \/>\nDizains: Charles &amp; Ray Eames, 1945\/1946<br \/>\nMateri\u0101ls: sapl\u0101ksnis<br \/>\nIzm\u0113ri: 49,5 x 55,5 x 72,5 cm<br \/>\nKr\u0101sa: melns osis<\/p>\n","protected":false},"featured_media":86410,"comment_status":"closed","ping_status":"closed","template":"","meta":[],"_links":{"self":[{"href":"https:\/\/www.xcelsiorselection.com\/lv\/wp-json\/wp\/v2\/product\/86415\/"}],"collection":[{"href":"https:\/\/www.xcelsiorselection.com\/lv\/wp-json\/wp\/v2\/product\/"}],"about":[{"href":"https:\/\/www.xcelsiorselection.com\/lv\/wp-json\/wp\/v2\/types\/product\/"}],"replies":[{"embeddable":true,"href":"https:\/\/www.xcelsiorselection.com\/lv\/wp-json\/wp\/v2\/comments\/?post=86415"}],"wp:featuredmedia":[{"embeddable":true,"href":"https:\/\/www.xcelsiorselection.com\/lv\/wp-json\/wp\/v2\/media\/86410\/"}],"wp:attachment":[{"href":"https:\/\/www.xcelsiorselection.com\/lv\/wp-json\/wp\/v2\/media\/?parent=86415"}],"curies":[{"name":"wp","href":"https:\/\/api.w.org\/{rel}","templated":true}]}}