

{"id":86897,"date":"2020-07-23T11:47:53","date_gmt":"2020-07-23T09:47:53","guid":{"rendered":"https:\/\/www.xcelsiorselection.com\/product\/chair-hal-wood-ivy\/"},"modified":"2020-07-23T11:56:42","modified_gmt":"2020-07-23T09:56:42","slug":"chair-hal-wood-ivy","status":"publish","type":"product","link":"https:\/\/www.xcelsiorselection.com\/lv\/product\/chair-hal-wood-ivy\/","title":{"rendered":"Hal Wood kr\u0113sls, Ivy"},"content":{"rendered":"<p>K\u0101 daudzfunkcion\u0101l\u0101 s\u0113dnes kr\u0113sla (shell chair) interpret\u0101cija, kr\u0113sls HAL pied\u0101v\u0101 k\u0101 \u0113rtu s\u0113dvietu, t\u0101 ar\u012b t\u012bru un m\u016bsdien\u012bgu izskatu. S\u0113dnes forma nodro\u0161ina lielu p\u0101rvieto\u0161an\u0101s br\u012bv\u012bbu da\u017e\u0101d\u0101s s\u0113d\u0113\u0161anas poz\u012bcij\u0101s, ar\u012b uz s\u0101niem.<\/p>\n<p>15 da\u017e\u0101das kr\u0113sla pamatnes var kombin\u0113t ar s\u0113dni no polipropil\u0113na (HAL), sapl\u0101k\u0161\u0146a (HAL Ply) vai ar viegli polster\u0113tu apvalku, kas p\u0101rkl\u0101ts ar \u0101du (HAL \u0101da). Versij\u0101s ar polipropil\u0113na apvalku un ar pulveri p\u0101rkl\u0101tu pamatni HAL ir piem\u0113rots ar\u012b izmanto\u0161anai \u0101ra apst\u0101k\u013cos. K\u0101 papildu iesp\u0113jas vis\u0101m HAL versij\u0101m ir pieejams auduma s\u0113dek\u013ca p\u0101rvalks da\u017e\u0101d\u0101s kr\u0101s\u0101s, un mode\u013cus ar plastmasas s\u0113dek\u013ca apvalku var apr\u012bkot ar fiks\u0113tu s\u0113dek\u013ca spilvenu.<\/p>\n","protected":false},"excerpt":{"rendered":"<p><img loading=\"lazy\" decoding=\"async\" src=\"http:\/\/www.xcelsiorselection.com\/wp-content\/uploads\/2016\/02\/vitra.jpg\" alt=\"vitra\" width=\"133\" height=\"43\" \/><\/p>\n<p>Ra\u017eot\u0101js: Vitra<br \/>\nDizains: Jasper Morrison, 2010\/2014<br \/>\nS\u0113dne: polipropil\u0113ns, efejas za\u013c\u0161<br \/>\nPamatne: koks, tum\u0161s ozols<br \/>\nIzm\u0113ri: 74,5 x 51 x 79,5 cm<\/p>\n","protected":false},"featured_media":86892,"comment_status":"closed","ping_status":"closed","template":"","meta":[],"_links":{"self":[{"href":"https:\/\/www.xcelsiorselection.com\/lv\/wp-json\/wp\/v2\/product\/86897\/"}],"collection":[{"href":"https:\/\/www.xcelsiorselection.com\/lv\/wp-json\/wp\/v2\/product\/"}],"about":[{"href":"https:\/\/www.xcelsiorselection.com\/lv\/wp-json\/wp\/v2\/types\/product\/"}],"replies":[{"embeddable":true,"href":"https:\/\/www.xcelsiorselection.com\/lv\/wp-json\/wp\/v2\/comments\/?post=86897"}],"wp:featuredmedia":[{"embeddable":true,"href":"https:\/\/www.xcelsiorselection.com\/lv\/wp-json\/wp\/v2\/media\/86892\/"}],"wp:attachment":[{"href":"https:\/\/www.xcelsiorselection.com\/lv\/wp-json\/wp\/v2\/media\/?parent=86897"}],"curies":[{"name":"wp","href":"https:\/\/api.w.org\/{rel}","templated":true}]}}