

{"id":86968,"date":"2020-07-30T11:11:52","date_gmt":"2020-07-30T09:11:52","guid":{"rendered":"https:\/\/www.xcelsiorselection.com\/product\/lar-eames-plastic-armchair\/"},"modified":"2020-07-30T11:22:36","modified_gmt":"2020-07-30T09:22:36","slug":"lar-eames-plastic-armchair","status":"publish","type":"product","link":"https:\/\/www.xcelsiorselection.com\/lv\/product\/lar-eames-plastic-armchair\/","title":{"rendered":"LAR Eames atp\u016btas kr\u0113sls"},"content":{"rendered":"<p>Zemais atp\u016btas kr\u0113sls LAR, \u0161\u0137iet, bijis viens no \u010c\u0101rlza un Rejas \u012amsu iecien\u012bt\u0101kajiem dizainiem: to var paman\u012bt daudz\u0101s sen\u0101s fotogr\u0101fij\u0101s no le\u0123end\u0101r\u0101 Eames nama Klus\u0101 oke\u0101na Palis\u0101d\u0113s &#8211; gan iek\u0161telp\u0101s, gan \u0101rpus t\u0101m. Tas ar\u012b atkl\u0101j, cik kr\u0113sls ir viegls un cik viegli to var p\u0101rvietot. Pateicoties kompaktajiem izm\u0113riem, LAR plastmasas kr\u0113slu var izmantot ar\u012b maz\u0101kos interjeros, un pla\u0161o kr\u0101su izv\u0113li apvalkam, polster\u0113juma audumam un pamatnei var saska\u0146ot ar da\u017e\u0101diem stiliem un gaum\u0113m. T\u0113rauda stieples pamatne nodro\u0161ina maksim\u0101lu stabilit\u0101ti ar minim\u0101liem materi\u0101liem.<\/p>\n","protected":false},"excerpt":{"rendered":"<p><img loading=\"lazy\" decoding=\"async\" src=\"http:\/\/www.xcelsiorselection.com\/wp-content\/uploads\/2016\/02\/vitra.jpg\" alt=\"vitra\" width=\"133\" height=\"43\" \/><\/p>\n<div class=\"tlid-input input\">\n<div class=\"source-wrap\">\n<div class=\"input-full-height-wrapper tlid-input-full-height-wrapper\">\n<div class=\"source-input\">\n<div class=\"source-footer-wrap source-or-target-footer\">\n<div class=\"character-count tlid-character-count\"><\/div>\n<div class=\"source-footer\">\n<div class=\"speech-wrap source-or-target-footer-button left-positioned\">\n<div id=\"gt-speech\" class=\"speech-button goog-toolbar-button\" tabindex=\"0\" role=\"button\" aria-label=\"Iesl\u0113gt balss ievadi\" data-tooltip-align=\"t,c\" aria-pressed=\"false\" aria-disabled=\"false\" data-tooltip=\"Iesl\u0113gt balss ievadi\">Ra\u017eot\u0101js: Vitra<\/div>\n<\/div>\n<\/div>\n<\/div>\n<\/div>\n<\/div>\n<\/div>\n<\/div>\n<div class=\"tlid-results-container results-container\">\n<div class=\"tlid-result result-dict-wrapper\">\n<div class=\"result tlid-copy-target\">\n<div class=\"text-wrap tlid-copy-target\">\n<div class=\"result-shield-container tlid-copy-target\" tabindex=\"0\"><span class=\"tlid-translation translation\" lang=\"lv\"><span class=\"\" title=\"\">Dizains: Charles &amp; Ray Eames, 1950<\/span><br \/>\n<span title=\"\">S\u0113dne: melna<\/span><br \/>\n<span title=\"\">Pamatne: melna<\/span><br \/>\n<span class=\"\" title=\"\">Polster\u0113jums: sinepes\/tum\u0161i pel\u0113ks<\/span><br \/>\n<span class=\"\" title=\"\">Izm\u0113rs: 56,5 x 46 x 63 cm<\/span><\/span><\/div>\n<\/div>\n<\/div>\n<\/div>\n<\/div>\n","protected":false},"featured_media":86966,"comment_status":"closed","ping_status":"closed","template":"","meta":[],"_links":{"self":[{"href":"https:\/\/www.xcelsiorselection.com\/lv\/wp-json\/wp\/v2\/product\/86968\/"}],"collection":[{"href":"https:\/\/www.xcelsiorselection.com\/lv\/wp-json\/wp\/v2\/product\/"}],"about":[{"href":"https:\/\/www.xcelsiorselection.com\/lv\/wp-json\/wp\/v2\/types\/product\/"}],"replies":[{"embeddable":true,"href":"https:\/\/www.xcelsiorselection.com\/lv\/wp-json\/wp\/v2\/comments\/?post=86968"}],"wp:featuredmedia":[{"embeddable":true,"href":"https:\/\/www.xcelsiorselection.com\/lv\/wp-json\/wp\/v2\/media\/86966\/"}],"wp:attachment":[{"href":"https:\/\/www.xcelsiorselection.com\/lv\/wp-json\/wp\/v2\/media\/?parent=86968"}],"curies":[{"name":"wp","href":"https:\/\/api.w.org\/{rel}","templated":true}]}}