

{"id":86985,"date":"2020-07-30T11:37:11","date_gmt":"2020-07-30T09:37:11","guid":{"rendered":"https:\/\/www.xcelsiorselection.com\/product\/rar-eames-rocking-chair\/"},"modified":"2020-07-30T12:03:01","modified_gmt":"2020-07-30T10:03:01","slug":"rar-eames-rocking-chair","status":"publish","type":"product","link":"https:\/\/www.xcelsiorselection.com\/lv\/product\/rar-eames-rocking-chair\/","title":{"rendered":"RAR Eames \u0160\u016bpu\u013ckr\u0113sls"},"content":{"rendered":"<p>Plastmasas kr\u0113sli ir vieni no vispaz\u012bstam\u0101kajiem \u010c\u0101rlza un Rejas \u012amsu dizainiem. \u0160aj\u0101 lielaj\u0101 kr\u0113slu saim\u0113 vienm\u0113r ir izc\u0113lies viens modelis: \u0161\u016bpu\u013ckr\u0113sls RAR. Neskatoties uz kompaktajiem izm\u0113riem, tas pied\u0101v\u0101 pat\u012bkamu komfortu pat gar\u0101kiem cilv\u0113kiem, k\u0101 ar\u012b kr\u0113sls ir pieejams ar s\u0113dek\u013ca spilvenu vai pilnu polster\u0113jumu. \u0160\u016bpu\u013ckr\u0113sls RAR ir pilnv\u0113rt\u012bgs atzveltnes kr\u0113sls, kura ikonisk\u0101 forma un b\u0101ze ar koka velv\u0113m pie\u0161\u0137ir p\u0101rsteidzo\u0161u akcentu jebkurai viesistabai.<\/p>\n","protected":false},"excerpt":{"rendered":"<p><img loading=\"lazy\" decoding=\"async\" src=\"http:\/\/www.xcelsiorselection.com\/wp-content\/uploads\/2016\/02\/vitra.jpg\" alt=\"vitra\" width=\"133\" height=\"43\" \/><\/p>\n<p>Ra\u017eot\u0101js: Vitra<br \/>\nProjekt\u0113t\u0101js: Charles &amp; Ray Eames, 1950<br \/>\nS\u0113dne: me\u017ea za\u013ca<br \/>\nPamatne: hrom\u0113ta<br \/>\nK\u0101ju pamatne: gai\u0161a k\u013cava<br \/>\nIzm\u0113rs: 52 x 81 x 76 cm<\/p>\n","protected":false},"featured_media":86980,"comment_status":"closed","ping_status":"closed","template":"","meta":[],"_links":{"self":[{"href":"https:\/\/www.xcelsiorselection.com\/lv\/wp-json\/wp\/v2\/product\/86985\/"}],"collection":[{"href":"https:\/\/www.xcelsiorselection.com\/lv\/wp-json\/wp\/v2\/product\/"}],"about":[{"href":"https:\/\/www.xcelsiorselection.com\/lv\/wp-json\/wp\/v2\/types\/product\/"}],"replies":[{"embeddable":true,"href":"https:\/\/www.xcelsiorselection.com\/lv\/wp-json\/wp\/v2\/comments\/?post=86985"}],"wp:featuredmedia":[{"embeddable":true,"href":"https:\/\/www.xcelsiorselection.com\/lv\/wp-json\/wp\/v2\/media\/86980\/"}],"wp:attachment":[{"href":"https:\/\/www.xcelsiorselection.com\/lv\/wp-json\/wp\/v2\/media\/?parent=86985"}],"curies":[{"name":"wp","href":"https:\/\/api.w.org\/{rel}","templated":true}]}}