

{"id":87112,"date":"2020-08-21T10:14:52","date_gmt":"2020-08-21T08:14:52","guid":{"rendered":"https:\/\/www.xcelsiorselection.com\/product\/dkw-5-wire-chair-with-seat-pad\/"},"modified":"2020-08-21T10:29:26","modified_gmt":"2020-08-21T08:29:26","slug":"dkw-5-wire-chair-with-seat-pad","status":"publish","type":"product","link":"https:\/\/www.xcelsiorselection.com\/lv\/product\/dkw-5-wire-chair-with-seat-pad\/","title":{"rendered":"DKW-5 Wire kr\u0113sls, ar s\u0113dek\u013ca spilvenu"},"content":{"rendered":"<p>\u010c\u0101rlza un Rejas \u012amsu kr\u0113sli atbalsojas ikoniskaj\u0101 Eames plastmasas kr\u0113slu form\u0101. Ar metin\u0101tu stiep\u013cu apvalku met\u0101la kr\u0113sli ieg\u016bst caursp\u012bd\u012bgu izskatu, savuk\u0101rt DKW koka pamatne pie\u0161\u0137ir siltu kontrastu dizaina tehniskajam izskatam.<\/p>\n","protected":false},"excerpt":{"rendered":"<p><img loading=\"lazy\" decoding=\"async\" src=\"http:\/\/www.xcelsiorselection.com\/wp-content\/uploads\/2016\/02\/vitra.jpg\" alt=\"vitra\" width=\"133\" height=\"43\" \/><\/p>\n<p>Ra\u017eot\u0101js: Vitra<br \/>\nDizains: Charles &amp; Ray Eames, 1951<br \/>\nStrukt\u016bra: melna<br \/>\nK\u0101jas: melna k\u013cava<br \/>\nS\u0113dek\u013ca spilvens: Hopsak, sarkans\/konjaks<br \/>\nIzm\u0113rs: 49 x 51 x 85 cm<\/p>\n","protected":false},"featured_media":87106,"comment_status":"closed","ping_status":"closed","template":"","meta":[],"_links":{"self":[{"href":"https:\/\/www.xcelsiorselection.com\/lv\/wp-json\/wp\/v2\/product\/87112\/"}],"collection":[{"href":"https:\/\/www.xcelsiorselection.com\/lv\/wp-json\/wp\/v2\/product\/"}],"about":[{"href":"https:\/\/www.xcelsiorselection.com\/lv\/wp-json\/wp\/v2\/types\/product\/"}],"replies":[{"embeddable":true,"href":"https:\/\/www.xcelsiorselection.com\/lv\/wp-json\/wp\/v2\/comments\/?post=87112"}],"wp:featuredmedia":[{"embeddable":true,"href":"https:\/\/www.xcelsiorselection.com\/lv\/wp-json\/wp\/v2\/media\/87106\/"}],"wp:attachment":[{"href":"https:\/\/www.xcelsiorselection.com\/lv\/wp-json\/wp\/v2\/media\/?parent=87112"}],"curies":[{"name":"wp","href":"https:\/\/api.w.org\/{rel}","templated":true}]}}