

{"id":87147,"date":"2020-08-21T11:59:48","date_gmt":"2020-08-21T09:59:48","guid":{"rendered":"https:\/\/www.xcelsiorselection.com\/product\/tabouret-haut\/"},"modified":"2020-08-21T12:20:33","modified_gmt":"2020-08-21T10:20:33","slug":"tabouret-haut","status":"publish","type":"product","link":"https:\/\/www.xcelsiorselection.com\/lv\/product\/tabouret-haut\/","title":{"rendered":"B\u0101ra taburete Haut"},"content":{"rendered":"<div class=\"vitra--product-hero\" data-id=\"vitra--product-hero-0\" data-state=\"{&quot;content&quot;:[{&quot;id&quot;:&quot;Sub|21201600&quot;,&quot;asset_id&quot;:&quot;38697&quot;,&quot;title&quot;:&quot;Tabouret Haut&quot;,&quot;subtitle&quot;:&quot;Jean Prouv\u00e9, 1942&quot;,&quot;description&quot;:&quot;The classic Tabouret Haut bar stool by Jean Prouv\u00e9 is available in robust solid oak, with a natural or dark stained finish. The chrome-plated steel ring with an anti-skid surface guarantees stability and offers comfortable use as a footrest. &quot;,&quot;show&quot;:true,&quot;hasProducts&quot;:true,&quot;priceMap&quot;:{},&quot;links&quot;:[],&quot;images&quot;:[{&quot;alt&quot;:&quot;alt&quot;,&quot;srcSet&quot;:[{&quot;src&quot;:&quot;https:\/\/static.vitra.com\/media\/asset\/1536479\/storage\/v_fullbleed_1440x\/42976670.jpg&quot;,&quot;width&quot;:1440,&quot;height&quot;:576}],&quot;translations&quot;:{},&quot;options&quot;:{}}],&quot;colors&quot;:[],&quot;videos&quot;:[],&quot;content&quot;:[],&quot;attributes&quot;:[],&quot;category&quot;:[],&quot;filter&quot;:[],&quot;relevant&quot;:9223372036854776000,&quot;htmlcontent&quot;:[]}],&quot;data&quot;:[],&quot;specials&quot;:[],&quot;newsletters&quot;:[],&quot;category&quot;:[],&quot;products&quot;:[],&quot;image&quot;:{&quot;srcSet&quot;:[],&quot;translations&quot;:{},&quot;options&quot;:{}},&quot;translations&quot;:{&quot;product_hero_actions_addwishlist&quot;:&quot;Add to wish list&quot;,&quot;product_hero_actions_addwishlist_exists&quot;:&quot;Item is on wish list&quot;,&quot;product_hero_actions_addcart&quot;:&quot;Configure Product&quot;,&quot;product_hero_actions_configure&quot;:&quot;Configure Product&quot;},&quot;options&quot;:{&quot;padding&quot;:true,&quot;showBuyNowButton&quot;:false,&quot;showConfigureButton&quot;:false},&quot;id&quot;:&quot;vitra--product-hero-0&quot;}\">\n<div id=\"product-hero-0\" class=\"vitra__product vitra__product--hero vitra__module vitra__module--padding\" data-reactroot=\"\" data-reactid=\"1\" data-react-checksum=\"-1280947767\">\n<div class=\"container--centered\" data-reactid=\"3\">\n<div data-reactid=\"9\">\u017dana Prouv\u0113 klasisk\u0101 b\u0101ra taburete Haut ir pieejama iztur\u012bg\u0101 mas\u012bvkoka ozol\u0101 ar dabisku vai tum\u0161u kr\u0101sojumu. Hrom\u0113ts t\u0113rauda gredzens ar pretsl\u012bd\u0113\u0161anas virsmu garant\u0113 stabilit\u0101ti un pied\u0101v\u0101 \u0113rtu lieto\u0161anu.<\/div>\n<\/div>\n<\/div>\n<\/div>\n","protected":false},"excerpt":{"rendered":"<p><img loading=\"lazy\" decoding=\"async\" class=\"\" src=\"http:\/\/www.xcelsiorselection.com\/wp-content\/uploads\/2016\/02\/vitra.jpg\" alt=\"vitra\" width=\"144\" height=\"47\" \/><\/p>\n<p>Ra\u017eot\u0101js: Vitra<br \/>\nDizains: Jean Prouv\u00e9, 1942<br \/>\nMateri\u0101ls: dab\u012bgs ozols<br \/>\nIzm\u0113rs: \u00d838 x 77,5 cm<\/p>\n","protected":false},"featured_media":87136,"comment_status":"closed","ping_status":"closed","template":"","meta":[],"_links":{"self":[{"href":"https:\/\/www.xcelsiorselection.com\/lv\/wp-json\/wp\/v2\/product\/87147\/"}],"collection":[{"href":"https:\/\/www.xcelsiorselection.com\/lv\/wp-json\/wp\/v2\/product\/"}],"about":[{"href":"https:\/\/www.xcelsiorselection.com\/lv\/wp-json\/wp\/v2\/types\/product\/"}],"replies":[{"embeddable":true,"href":"https:\/\/www.xcelsiorselection.com\/lv\/wp-json\/wp\/v2\/comments\/?post=87147"}],"wp:featuredmedia":[{"embeddable":true,"href":"https:\/\/www.xcelsiorselection.com\/lv\/wp-json\/wp\/v2\/media\/87136\/"}],"wp:attachment":[{"href":"https:\/\/www.xcelsiorselection.com\/lv\/wp-json\/wp\/v2\/media\/?parent=87147"}],"curies":[{"name":"wp","href":"https:\/\/api.w.org\/{rel}","templated":true}]}}