

{"id":87194,"date":"2020-08-25T16:43:41","date_gmt":"2020-08-25T14:43:41","guid":{"rendered":"https:\/\/www.xcelsiorselection.com\/product\/rookie\/"},"modified":"2020-08-25T16:47:57","modified_gmt":"2020-08-25T14:47:57","slug":"rookie","status":"publish","type":"product","link":"https:\/\/www.xcelsiorselection.com\/lv\/product\/rookie\/","title":{"rendered":"Rookie"},"content":{"rendered":"<p>Rookie, ko rad\u012bjis Konstantin Grcic ir mazs, veikls un p\u0113c biroja standartiem &#8211; netradicion\u0101li vienk\u0101r\u0161s kr\u0113sls. Tas nodro\u0161ina augsta l\u012bme\u0146a t\u016bl\u012bt\u0113ju komfortu ar minim\u0101la skaita piel\u0101gojumiem.<\/p>\n<p>&nbsp;<\/p>\n","protected":false},"excerpt":{"rendered":"<p><img loading=\"lazy\" decoding=\"async\" class=\"\" src=\"http:\/\/www.xcelsiorselection.com\/wp-content\/uploads\/2016\/02\/vitra.jpg\" alt=\"vitra\" width=\"144\" height=\"47\" \/><\/p>\n<p>Ra\u017eot\u0101js: Vitra<br \/>\nDizains: Konstantin Grcic, 2018<br \/>\nAudums: Plano, kr\u0101sa &#8211; 07 oran\u017ea<br \/>\nR\u0101mis: melns<br \/>\nRitenti\u0146i: m\u012bksti<\/p>\n","protected":false},"featured_media":92715,"comment_status":"closed","ping_status":"closed","template":"","meta":[],"_links":{"self":[{"href":"https:\/\/www.xcelsiorselection.com\/lv\/wp-json\/wp\/v2\/product\/87194\/"}],"collection":[{"href":"https:\/\/www.xcelsiorselection.com\/lv\/wp-json\/wp\/v2\/product\/"}],"about":[{"href":"https:\/\/www.xcelsiorselection.com\/lv\/wp-json\/wp\/v2\/types\/product\/"}],"replies":[{"embeddable":true,"href":"https:\/\/www.xcelsiorselection.com\/lv\/wp-json\/wp\/v2\/comments\/?post=87194"}],"wp:featuredmedia":[{"embeddable":true,"href":"https:\/\/www.xcelsiorselection.com\/lv\/wp-json\/wp\/v2\/media\/92715\/"}],"wp:attachment":[{"href":"https:\/\/www.xcelsiorselection.com\/lv\/wp-json\/wp\/v2\/media\/?parent=87194"}],"curies":[{"name":"wp","href":"https:\/\/api.w.org\/{rel}","templated":true}]}}