

{"id":87242,"date":"2020-09-02T15:44:25","date_gmt":"2020-09-02T13:44:25","guid":{"rendered":"https:\/\/www.xcelsiorselection.com\/product\/kintsugi-n1-dinner-plate\/"},"modified":"2020-09-02T15:46:09","modified_gmt":"2020-09-02T13:46:09","slug":"kintsugi-n1-dinner-plate","status":"publish","type":"product","link":"https:\/\/www.xcelsiorselection.com\/lv\/product\/kintsugi-n1-dinner-plate\/","title":{"rendered":"KINTSUGI- n&#8217;1 Vakari\u0146u \u0161\u0137\u012bvis"},"content":{"rendered":"<p>Kintsugi jap\u0101\u0146u m\u0101ksla pie\u0146em m\u016bsdien\u012bgas formas. Smalks porcel\u0101ns tiek pagodin\u0101ts un bag\u0101tin\u0101ts ar \u012bstiem 24k zelta fragmentiem, trauku kolekcijai, kas veidota no burv\u012bg\u0101m un negaid\u012bt\u0101m kompoz\u012bcij\u0101m.<\/p>\n","protected":false},"excerpt":{"rendered":"<p><img loading=\"lazy\" decoding=\"async\" src=\"http:\/\/www.xcelsiorselection.com\/wp-content\/uploads\/2015\/12\/seletti.jpg\" alt=\"seletti\" width=\"167\" height=\"36\" \/><\/p>\n<p>Ra\u017eot\u0101js: Seletti<br \/>\nMateri\u0101ls: porcel\u0101ns, zelts<br \/>\nIzm\u0113rs: \u00f827,5 x 3 cm<br \/>\nVar mazg\u0101t trauku mazg\u0101jam\u0101 ma\u0161\u012bn\u0101<\/p>\n","protected":false},"featured_media":87237,"comment_status":"closed","ping_status":"closed","template":"","meta":[],"_links":{"self":[{"href":"https:\/\/www.xcelsiorselection.com\/lv\/wp-json\/wp\/v2\/product\/87242\/"}],"collection":[{"href":"https:\/\/www.xcelsiorselection.com\/lv\/wp-json\/wp\/v2\/product\/"}],"about":[{"href":"https:\/\/www.xcelsiorselection.com\/lv\/wp-json\/wp\/v2\/types\/product\/"}],"replies":[{"embeddable":true,"href":"https:\/\/www.xcelsiorselection.com\/lv\/wp-json\/wp\/v2\/comments\/?post=87242"}],"wp:featuredmedia":[{"embeddable":true,"href":"https:\/\/www.xcelsiorselection.com\/lv\/wp-json\/wp\/v2\/media\/87237\/"}],"wp:attachment":[{"href":"https:\/\/www.xcelsiorselection.com\/lv\/wp-json\/wp\/v2\/media\/?parent=87242"}],"curies":[{"name":"wp","href":"https:\/\/api.w.org\/{rel}","templated":true}]}}