

{"id":87625,"date":"2020-10-14T11:50:22","date_gmt":"2020-10-14T09:50:22","guid":{"rendered":"https:\/\/www.xcelsiorselection.com\/product\/boxfabrica-recipes\/"},"modified":"2020-10-14T11:54:39","modified_gmt":"2020-10-14T09:54:39","slug":"boxfabrica-recipes","status":"publish","type":"product","link":"https:\/\/www.xcelsiorselection.com\/lv\/product\/boxfabrica-recipes\/","title":{"rendered":"Box\u00b4Fabrica Receptes"},"content":{"rendered":"<p>Met\u0101liskas kastes, p\u0101rkl\u0101tas ar grafik\u0101m, lai uzglab\u0101tu da\u017e\u0101da veida lietas un piederumus.<\/p>\n","protected":false},"excerpt":{"rendered":"<p><img loading=\"lazy\" decoding=\"async\" src=\"http:\/\/www.xcelsiorselection.com\/wp-content\/uploads\/2015\/12\/seletti.jpg\" alt=\"seletti\" width=\"167\" height=\"36\" \/><\/p>\n<p>Ra\u017eot\u0101js: Seletti<br \/>\nMateri\u0101ls: met\u0101ls<br \/>\nIzm\u0113rs: 30 x 2,2 x 7,5 cm<\/p>\n","protected":false},"featured_media":87616,"comment_status":"closed","ping_status":"closed","template":"","meta":[],"_links":{"self":[{"href":"https:\/\/www.xcelsiorselection.com\/lv\/wp-json\/wp\/v2\/product\/87625\/"}],"collection":[{"href":"https:\/\/www.xcelsiorselection.com\/lv\/wp-json\/wp\/v2\/product\/"}],"about":[{"href":"https:\/\/www.xcelsiorselection.com\/lv\/wp-json\/wp\/v2\/types\/product\/"}],"replies":[{"embeddable":true,"href":"https:\/\/www.xcelsiorselection.com\/lv\/wp-json\/wp\/v2\/comments\/?post=87625"}],"wp:featuredmedia":[{"embeddable":true,"href":"https:\/\/www.xcelsiorselection.com\/lv\/wp-json\/wp\/v2\/media\/87616\/"}],"wp:attachment":[{"href":"https:\/\/www.xcelsiorselection.com\/lv\/wp-json\/wp\/v2\/media\/?parent=87625"}],"curies":[{"name":"wp","href":"https:\/\/api.w.org\/{rel}","templated":true}]}}