

{"id":87633,"date":"2020-10-14T12:16:10","date_gmt":"2020-10-14T10:16:10","guid":{"rendered":"https:\/\/www.xcelsiorselection.com\/product\/boxfabrica-travel\/"},"modified":"2020-10-14T12:18:17","modified_gmt":"2020-10-14T10:18:17","slug":"boxfabrica-travel","status":"publish","type":"product","link":"https:\/\/www.xcelsiorselection.com\/lv\/product\/boxfabrica-travel\/","title":{"rendered":"Box\u00b4Fabrica Ce\u013cojums"},"content":{"rendered":"<p>Met\u0101liskas kastes, p\u0101rkl\u0101tas ar grafik\u0101m, lai uzglab\u0101tu da\u017e\u0101da veida lietas un piederumus.<\/p>\n","protected":false},"excerpt":{"rendered":"<p><img loading=\"lazy\" decoding=\"async\" src=\"http:\/\/www.xcelsiorselection.com\/wp-content\/uploads\/2015\/12\/seletti.jpg\" alt=\"seletti\" width=\"167\" height=\"36\" \/><\/p>\n<p>Ra\u017eot\u0101js: Seletti<br \/>\nMateri\u0101ls: met\u0101ls<br \/>\nIzm\u0113rs: 34 x 14,5 x 7,5 cm<\/p>\n","protected":false},"featured_media":87622,"comment_status":"closed","ping_status":"closed","template":"","meta":[],"_links":{"self":[{"href":"https:\/\/www.xcelsiorselection.com\/lv\/wp-json\/wp\/v2\/product\/87633\/"}],"collection":[{"href":"https:\/\/www.xcelsiorselection.com\/lv\/wp-json\/wp\/v2\/product\/"}],"about":[{"href":"https:\/\/www.xcelsiorselection.com\/lv\/wp-json\/wp\/v2\/types\/product\/"}],"replies":[{"embeddable":true,"href":"https:\/\/www.xcelsiorselection.com\/lv\/wp-json\/wp\/v2\/comments\/?post=87633"}],"wp:featuredmedia":[{"embeddable":true,"href":"https:\/\/www.xcelsiorselection.com\/lv\/wp-json\/wp\/v2\/media\/87622\/"}],"wp:attachment":[{"href":"https:\/\/www.xcelsiorselection.com\/lv\/wp-json\/wp\/v2\/media\/?parent=87633"}],"curies":[{"name":"wp","href":"https:\/\/api.w.org\/{rel}","templated":true}]}}