

{"id":87673,"date":"2020-10-14T12:59:08","date_gmt":"2020-10-14T10:59:08","guid":{"rendered":"https:\/\/www.xcelsiorselection.com\/product\/sibox-sewing\/"},"modified":"2020-10-14T13:01:09","modified_gmt":"2020-10-14T11:01:09","slug":"sibox-sewing","status":"publish","type":"product","link":"https:\/\/www.xcelsiorselection.com\/lv\/product\/sibox-sewing\/","title":{"rendered":"si*box \u0160\u016a\u0160ANAI"},"content":{"rendered":"<p>Ar SI-BOX viegli un eleganti varat sak\u0101rtot savas telpas un uztur\u0113t k\u0101rt\u012bb\u0101 visda\u017e\u0101d\u0101k\u0101s mantas.<\/p>\n","protected":false},"excerpt":{"rendered":"<p>Ra\u017eot\u0101js: Seletti<br \/>\nMateri\u0101ls: met\u0101ls<br \/>\nIzm\u0113rs: 27 x 21 x 7,5 cm<\/p>\n","protected":false},"featured_media":87652,"comment_status":"closed","ping_status":"closed","template":"","meta":[],"_links":{"self":[{"href":"https:\/\/www.xcelsiorselection.com\/lv\/wp-json\/wp\/v2\/product\/87673\/"}],"collection":[{"href":"https:\/\/www.xcelsiorselection.com\/lv\/wp-json\/wp\/v2\/product\/"}],"about":[{"href":"https:\/\/www.xcelsiorselection.com\/lv\/wp-json\/wp\/v2\/types\/product\/"}],"replies":[{"embeddable":true,"href":"https:\/\/www.xcelsiorselection.com\/lv\/wp-json\/wp\/v2\/comments\/?post=87673"}],"wp:featuredmedia":[{"embeddable":true,"href":"https:\/\/www.xcelsiorselection.com\/lv\/wp-json\/wp\/v2\/media\/87652\/"}],"wp:attachment":[{"href":"https:\/\/www.xcelsiorselection.com\/lv\/wp-json\/wp\/v2\/media\/?parent=87673"}],"curies":[{"name":"wp","href":"https:\/\/api.w.org\/{rel}","templated":true}]}}