

{"id":87686,"date":"2020-10-14T15:06:24","date_gmt":"2020-10-14T13:06:24","guid":{"rendered":"https:\/\/www.xcelsiorselection.com\/product\/sibox-beauty\/"},"modified":"2020-10-14T15:07:20","modified_gmt":"2020-10-14T13:07:20","slug":"sibox-beauty","status":"publish","type":"product","link":"https:\/\/www.xcelsiorselection.com\/lv\/product\/sibox-beauty\/","title":{"rendered":"si*box SKAISTUMAM"},"content":{"rendered":"<p>Ar SI-BOX viegli un eleganti varat sak\u0101rtot savas telpas un uztur\u0113t k\u0101rt\u012bb\u0101 visda\u017e\u0101d\u0101k\u0101s mantas.<\/p>\n","protected":false},"excerpt":{"rendered":"<p><img loading=\"lazy\" decoding=\"async\" src=\"http:\/\/www.xcelsiorselection.com\/wp-content\/uploads\/2015\/12\/seletti.jpg\" alt=\"seletti\" width=\"167\" height=\"36\" \/><\/p>\n<p>Ra\u017eot\u0101js: Seletti<br \/>\nMateri\u0101ls: met\u0101ls<br \/>\nIzm\u0113rs: 30 x 22 x 11 cm<\/p>\n","protected":false},"featured_media":87684,"comment_status":"closed","ping_status":"closed","template":"","meta":[],"_links":{"self":[{"href":"https:\/\/www.xcelsiorselection.com\/lv\/wp-json\/wp\/v2\/product\/87686\/"}],"collection":[{"href":"https:\/\/www.xcelsiorselection.com\/lv\/wp-json\/wp\/v2\/product\/"}],"about":[{"href":"https:\/\/www.xcelsiorselection.com\/lv\/wp-json\/wp\/v2\/types\/product\/"}],"replies":[{"embeddable":true,"href":"https:\/\/www.xcelsiorselection.com\/lv\/wp-json\/wp\/v2\/comments\/?post=87686"}],"wp:featuredmedia":[{"embeddable":true,"href":"https:\/\/www.xcelsiorselection.com\/lv\/wp-json\/wp\/v2\/media\/87684\/"}],"wp:attachment":[{"href":"https:\/\/www.xcelsiorselection.com\/lv\/wp-json\/wp\/v2\/media\/?parent=87686"}],"curies":[{"name":"wp","href":"https:\/\/api.w.org\/{rel}","templated":true}]}}