

{"id":87689,"date":"2020-10-14T15:12:46","date_gmt":"2020-10-14T13:12:46","guid":{"rendered":"https:\/\/www.xcelsiorselection.com\/product\/sibox-casino-games\/"},"modified":"2020-10-14T15:13:52","modified_gmt":"2020-10-14T13:13:52","slug":"sibox-casino-games","status":"publish","type":"product","link":"https:\/\/www.xcelsiorselection.com\/lv\/product\/sibox-casino-games\/","title":{"rendered":"si*box SP\u0112L\u0112M"},"content":{"rendered":"<p>Ar SI-BOX viegli un eleganti varat sak\u0101rtot savas telpas un uztur\u0113t k\u0101rt\u012bb\u0101 visda\u017e\u0101d\u0101k\u0101s mantas.<\/p>\n","protected":false},"excerpt":{"rendered":"<p><img loading=\"lazy\" decoding=\"async\" src=\"http:\/\/www.xcelsiorselection.com\/wp-content\/uploads\/2015\/12\/seletti.jpg\" alt=\"seletti\" width=\"167\" height=\"36\" \/><\/p>\n<p>Ra\u017eot\u0101js: Seletti<br \/>\nMateri\u0101ls: met\u0101ls<br \/>\nIzm\u0113rs: 30 x 22 x 11 cm<\/p>\n","protected":false},"featured_media":87649,"comment_status":"closed","ping_status":"closed","template":"","meta":[],"_links":{"self":[{"href":"https:\/\/www.xcelsiorselection.com\/lv\/wp-json\/wp\/v2\/product\/87689\/"}],"collection":[{"href":"https:\/\/www.xcelsiorselection.com\/lv\/wp-json\/wp\/v2\/product\/"}],"about":[{"href":"https:\/\/www.xcelsiorselection.com\/lv\/wp-json\/wp\/v2\/types\/product\/"}],"replies":[{"embeddable":true,"href":"https:\/\/www.xcelsiorselection.com\/lv\/wp-json\/wp\/v2\/comments\/?post=87689"}],"wp:featuredmedia":[{"embeddable":true,"href":"https:\/\/www.xcelsiorselection.com\/lv\/wp-json\/wp\/v2\/media\/87649\/"}],"wp:attachment":[{"href":"https:\/\/www.xcelsiorselection.com\/lv\/wp-json\/wp\/v2\/media\/?parent=87689"}],"curies":[{"name":"wp","href":"https:\/\/api.w.org\/{rel}","templated":true}]}}