

{"id":88249,"date":"2020-12-08T14:04:04","date_gmt":"2020-12-08T12:04:04","guid":{"rendered":"https:\/\/www.xcelsiorselection.com\/product\/meddling-monkey\/"},"modified":"2020-12-08T14:05:46","modified_gmt":"2020-12-08T12:05:46","slug":"meddling-monkey","status":"publish","type":"product","link":"https:\/\/www.xcelsiorselection.com\/lv\/product\/meddling-monkey\/","title":{"rendered":"Oran\u017eais p\u0113rti\u0137\u0113ns"},"content":{"rendered":"<p>Donna Wilsone rada lietas, ko ir iedvesmojusi vi\u0146as b\u0113rn\u012bba, uzaugot Skotijas laukos. Rad\u012bt\u0101s lietas ir rota\u013c\u012bgas, visda\u017e\u0101d\u0101kaj\u0101s kr\u0101s\u0101s un nu jau iekaroju\u0161as cilv\u0113ku sirdis vis\u0101 pasaul\u0113.<\/p>\n","protected":false},"excerpt":{"rendered":"<p><img loading=\"lazy\" decoding=\"async\" src=\"http:\/\/www.xcelsiorselection.com\/wp-content\/uploads\/2015\/08\/donna-wilson.jpg\" alt=\"donna wilson, xcelsior\" width=\"200\" height=\"30\" \/><\/p>\n<p>Dizains: Donna Wilson<br \/>\nMateri\u0101ls: 100% kokvilnas velvets ar poliestera pild\u012bjumu<br \/>\nIzm\u0113rs: 56 cm<\/p>\n","protected":false},"featured_media":88244,"comment_status":"closed","ping_status":"closed","template":"","meta":[],"_links":{"self":[{"href":"https:\/\/www.xcelsiorselection.com\/lv\/wp-json\/wp\/v2\/product\/88249\/"}],"collection":[{"href":"https:\/\/www.xcelsiorselection.com\/lv\/wp-json\/wp\/v2\/product\/"}],"about":[{"href":"https:\/\/www.xcelsiorselection.com\/lv\/wp-json\/wp\/v2\/types\/product\/"}],"replies":[{"embeddable":true,"href":"https:\/\/www.xcelsiorselection.com\/lv\/wp-json\/wp\/v2\/comments\/?post=88249"}],"wp:featuredmedia":[{"embeddable":true,"href":"https:\/\/www.xcelsiorselection.com\/lv\/wp-json\/wp\/v2\/media\/88244\/"}],"wp:attachment":[{"href":"https:\/\/www.xcelsiorselection.com\/lv\/wp-json\/wp\/v2\/media\/?parent=88249"}],"curies":[{"name":"wp","href":"https:\/\/api.w.org\/{rel}","templated":true}]}}