

{"id":88270,"date":"2020-12-08T16:39:32","date_gmt":"2020-12-08T14:39:32","guid":{"rendered":"https:\/\/www.xcelsiorselection.com\/product\/cat-pouch\/"},"modified":"2020-12-08T16:43:23","modified_gmt":"2020-12-08T14:43:23","slug":"cat-pouch","status":"publish","type":"product","link":"https:\/\/www.xcelsiorselection.com\/lv\/product\/cat-pouch\/","title":{"rendered":"Somi\u0146a Ka\u0137is"},"content":{"rendered":"<p>\u0160\u012b ka\u0137a formas somi\u0146a ir izm\u0113ros piem\u0113rota, lai glab\u0101tu j\u016bsu kosm\u0113tiku vai, piem\u0113ram, rakst\u0101mpiederumus.<\/p>\n<p>Donna Wilsone rada lietas, ko ir iedvesmojusi vi\u0146as b\u0113rn\u012bba, uzaugot Skotijas laukos. Rad\u012bt\u0101s lietas ir rota\u013c\u012bgas, visda\u017e\u0101d\u0101kaj\u0101s kr\u0101s\u0101s un nu jau iekaroju\u0161as cilv\u0113ku sirdis vis\u0101 pasaul\u0113.<\/p>\n","protected":false},"excerpt":{"rendered":"<p><img loading=\"lazy\" decoding=\"async\" src=\"http:\/\/www.xcelsiorselection.com\/wp-content\/uploads\/2015\/08\/donna-wilson.jpg\" alt=\"donna wilson, xcelsior\" width=\"200\" height=\"30\" \/><\/p>\n<p>Dizains: Donna Wilson<br \/>\nMateri\u0101ls: 100% kokvilnas \u0101rpuse ar t\u012br\u0101mu neilona oderi<br \/>\nIzm\u0113rs:\u00a020 x 20 cm<\/p>\n","protected":false},"featured_media":88268,"comment_status":"closed","ping_status":"closed","template":"","meta":[],"_links":{"self":[{"href":"https:\/\/www.xcelsiorselection.com\/lv\/wp-json\/wp\/v2\/product\/88270\/"}],"collection":[{"href":"https:\/\/www.xcelsiorselection.com\/lv\/wp-json\/wp\/v2\/product\/"}],"about":[{"href":"https:\/\/www.xcelsiorselection.com\/lv\/wp-json\/wp\/v2\/types\/product\/"}],"replies":[{"embeddable":true,"href":"https:\/\/www.xcelsiorselection.com\/lv\/wp-json\/wp\/v2\/comments\/?post=88270"}],"wp:featuredmedia":[{"embeddable":true,"href":"https:\/\/www.xcelsiorselection.com\/lv\/wp-json\/wp\/v2\/media\/88268\/"}],"wp:attachment":[{"href":"https:\/\/www.xcelsiorselection.com\/lv\/wp-json\/wp\/v2\/media\/?parent=88270"}],"curies":[{"name":"wp","href":"https:\/\/api.w.org\/{rel}","templated":true}]}}