

{"id":88305,"date":"2020-12-10T13:13:58","date_gmt":"2020-12-10T11:13:58","guid":{"rendered":"https:\/\/www.xcelsiorselection.com\/product\/herringbone-bowl\/"},"modified":"2020-12-10T13:16:12","modified_gmt":"2020-12-10T11:16:12","slug":"herringbone-bowl","status":"publish","type":"product","link":"https:\/\/www.xcelsiorselection.com\/lv\/product\/herringbone-bowl\/","title":{"rendered":"Herringbone b\u013coda"},"content":{"rendered":"<p><em>Herringbone<\/em>\u00a0kolekcija tiek veidota, atk\u0101rtoti iegremd\u0113jot keramikas traukus un v\u0101zes kr\u0101sain\u0101 glaz\u016br\u0101. \u0160is process pie\u0161\u0137ir traukam \u012bpa\u0161o raksturu \u2013 to nosaka iegremd\u0113\u0161anas le\u0146\u0137is, k\u0101 ar\u012b objekta forma un svars. T\u0101 k\u0101 kr\u0101so\u0161anas procesu piln\u012bb\u0101 veic ar rok\u0101m, katra kolekcijas b\u013coda un v\u0101ze ir unik\u0101ls priek\u0161mets.<\/p>\n","protected":false},"excerpt":{"rendered":"<p><img loading=\"lazy\" decoding=\"async\" class=\"\" src=\"http:\/\/www.xcelsiorselection.com\/wp-content\/uploads\/2016\/02\/vitra.jpg\" alt=\"vitra\" width=\"144\" height=\"47\" \/><\/p>\n<p>Ra\u017eot\u0101js: Vitra<br \/>\nDizains: Raw-Edges, 2019<br \/>\nMateri\u0101ls: glaz\u0113ta keramika, ar roku kr\u0101sota<br \/>\nIzm\u0113rs: \u00d819,5 x 12 cm<br \/>\nKr\u0101sa: smiltis<\/p>\n","protected":false},"featured_media":88303,"comment_status":"closed","ping_status":"closed","template":"","meta":[],"_links":{"self":[{"href":"https:\/\/www.xcelsiorselection.com\/lv\/wp-json\/wp\/v2\/product\/88305\/"}],"collection":[{"href":"https:\/\/www.xcelsiorselection.com\/lv\/wp-json\/wp\/v2\/product\/"}],"about":[{"href":"https:\/\/www.xcelsiorselection.com\/lv\/wp-json\/wp\/v2\/types\/product\/"}],"replies":[{"embeddable":true,"href":"https:\/\/www.xcelsiorselection.com\/lv\/wp-json\/wp\/v2\/comments\/?post=88305"}],"wp:featuredmedia":[{"embeddable":true,"href":"https:\/\/www.xcelsiorselection.com\/lv\/wp-json\/wp\/v2\/media\/88303\/"}],"wp:attachment":[{"href":"https:\/\/www.xcelsiorselection.com\/lv\/wp-json\/wp\/v2\/media\/?parent=88305"}],"curies":[{"name":"wp","href":"https:\/\/api.w.org\/{rel}","templated":true}]}}