

{"id":88365,"date":"2020-12-11T12:28:38","date_gmt":"2020-12-11T10:28:38","guid":{"rendered":"https:\/\/www.xcelsiorselection.com\/product\/angel-candle-holder\/"},"modified":"2020-12-11T12:33:51","modified_gmt":"2020-12-11T10:33:51","slug":"angel-candle-holder","status":"publish","type":"product","link":"https:\/\/www.xcelsiorselection.com\/lv\/product\/angel-candle-holder\/","title":{"rendered":"Sve\u010dturis E\u0146\u0123elis"},"content":{"rendered":"<p>Kop\u0101 ar saviem kol\u0113\u0123iem Charles un Ray Eames un George Nelson, Alexander Girard bija viena no vado\u0161aj\u0101m fig\u016br\u0101m amerik\u0101\u0146u dizaina p\u0113ckara laikmet\u0101. Kam\u0113r tekstila dizains bija galven\u0101 uzman\u012bba Girard dai\u013crad\u0113, vi\u0146\u0161 tika apbr\u012bnots ar\u012b par darbu grafikas m\u0101ksl\u0101, t\u0101pat ar\u012b m\u0113be\u013cu un interjera dizain\u0101. Girard pie\u0161\u0137\u012bra jutekliskumu un rota\u013c\u012bgumu divdesmit\u0101 gadsimta dizainam. Vi\u0146a da\u017e\u0101dajos ce\u013cojumos, m\u0101kslinieks un dizaineris bija iev\u0101cis iev\u0113rojamus tekstilizstr\u0101d\u0101jumu un tautas m\u0101kslas eksempl\u0101rus. Girard nov\u0113l\u0113ja liel\u0101ko da\u013cu savas m\u0101kslas studijas objektus, kas ietv\u0113ra simtiem z\u012bm\u0113jumu, prototipu un paraugu, Vitra Dizaina muzejam 1993.gad\u0101.<\/p>\n<p>Girard izgatavoja sve\u010dturi E\u0146\u0123elis sav\u0101m m\u0101j\u0101m Santaf\u0113, tie st\u0101v\u0113ja uz pusdienu galda, tos iesk\u0101va tautas m\u0101ksla un da\u017e\u0101das v\u0101zes.<\/p>\n","protected":false},"excerpt":{"rendered":"<p><img loading=\"lazy\" decoding=\"async\" src=\"http:\/\/www.xcelsiorselection.com\/wp-content\/uploads\/2016\/02\/vitra.jpg\" alt=\"vitra\" width=\"133\" height=\"43\" \/><\/p>\n<p>Ra\u017eot\u0101js: Vitra<br \/>\nDizainers: Alexander Girard, 1953<br \/>\nMateri\u0101ls: t\u0113rauds ar pulverveida p\u0101rkl\u0101jumu, filca apak\u0161a<br \/>\nIzm\u0113rs: 19,8 x 12 x 16,1 cm<\/p>\n","protected":false},"featured_media":88357,"comment_status":"closed","ping_status":"closed","template":"","meta":[],"_links":{"self":[{"href":"https:\/\/www.xcelsiorselection.com\/lv\/wp-json\/wp\/v2\/product\/88365\/"}],"collection":[{"href":"https:\/\/www.xcelsiorselection.com\/lv\/wp-json\/wp\/v2\/product\/"}],"about":[{"href":"https:\/\/www.xcelsiorselection.com\/lv\/wp-json\/wp\/v2\/types\/product\/"}],"replies":[{"embeddable":true,"href":"https:\/\/www.xcelsiorselection.com\/lv\/wp-json\/wp\/v2\/comments\/?post=88365"}],"wp:featuredmedia":[{"embeddable":true,"href":"https:\/\/www.xcelsiorselection.com\/lv\/wp-json\/wp\/v2\/media\/88357\/"}],"wp:attachment":[{"href":"https:\/\/www.xcelsiorselection.com\/lv\/wp-json\/wp\/v2\/media\/?parent=88365"}],"curies":[{"name":"wp","href":"https:\/\/api.w.org\/{rel}","templated":true}]}}