

{"id":88495,"date":"2020-12-21T14:27:04","date_gmt":"2020-12-21T12:27:04","guid":{"rendered":"https:\/\/www.xcelsiorselection.com\/product\/cork-glasses-tall\/"},"modified":"2020-12-21T14:29:18","modified_gmt":"2020-12-21T12:29:18","slug":"cork-glasses-tall","status":"publish","type":"product","link":"https:\/\/www.xcelsiorselection.com\/lv\/product\/cork-glasses-tall\/","title":{"rendered":"Gl\u0101zes Corky, augst\u0101s"},"content":{"rendered":"<p>Gl\u0101zes Corky ir vienk\u0101r\u0161as un vieglas; m\u016bsdien\u012bgas, tom\u0113r ar ilglaic\u012bgu dizainu, t\u0101s izskat\u012bsies\u00a0labi \u00a0jebkur\u0101 virtuv\u0113, \u0113damistabas zon\u0101, biroj\u0101 vai restor\u0101n\u0101.<\/p>\n","protected":false},"excerpt":{"rendered":"<p><img loading=\"lazy\" decoding=\"async\" class=\"alignnone wp-image-88428\" src=\"https:\/\/www.xcelsiorselection.com\/wp-content\/uploads\/2020\/12\/muuto_logo.png\" alt=\"\" width=\"172\" height=\"33\" \/><\/p>\n<p>Ra\u017eot\u0101js: Muuto<br \/>\nMateri\u0101ls: stikls<br \/>\nKr\u0101sa: caursp\u012bd\u012bga<br \/>\nIzm\u0113rs: \u00d88,5 x 10 cm<br \/>\nKomplekt\u0101 4 gl\u0101zes<\/p>\n","protected":false},"featured_media":88493,"comment_status":"closed","ping_status":"closed","template":"","meta":[],"_links":{"self":[{"href":"https:\/\/www.xcelsiorselection.com\/lv\/wp-json\/wp\/v2\/product\/88495\/"}],"collection":[{"href":"https:\/\/www.xcelsiorselection.com\/lv\/wp-json\/wp\/v2\/product\/"}],"about":[{"href":"https:\/\/www.xcelsiorselection.com\/lv\/wp-json\/wp\/v2\/types\/product\/"}],"replies":[{"embeddable":true,"href":"https:\/\/www.xcelsiorselection.com\/lv\/wp-json\/wp\/v2\/comments\/?post=88495"}],"wp:featuredmedia":[{"embeddable":true,"href":"https:\/\/www.xcelsiorselection.com\/lv\/wp-json\/wp\/v2\/media\/88493\/"}],"wp:attachment":[{"href":"https:\/\/www.xcelsiorselection.com\/lv\/wp-json\/wp\/v2\/media\/?parent=88495"}],"curies":[{"name":"wp","href":"https:\/\/api.w.org\/{rel}","templated":true}]}}