

{"id":88509,"date":"2020-12-21T16:12:33","date_gmt":"2020-12-21T14:12:33","guid":{"rendered":"https:\/\/www.xcelsiorselection.com\/product\/platform-tray\/"},"modified":"2020-12-21T16:17:42","modified_gmt":"2020-12-21T14:17:42","slug":"platform-tray","status":"publish","type":"product","link":"https:\/\/www.xcelsiorselection.com\/lv\/product\/platform-tray\/","title":{"rendered":"Papl\u0101te Platform"},"content":{"rendered":"<section class=\"section section--half-gutter-top section--colored section--grey\">\n<div class=\"pdp-inner\">\n<div class=\"pdp__details\">\n<div class=\"pdp__details-inner\">\n<div class=\"buy-section buy-section--pdp-context is-loaded\">\n<div class=\"buy-section__inner\">\n<div class=\"buy-section__quantity\">\n<div>Papl\u0101te <em>Platform<\/em> apvieno skandin\u0101vu dizaina funkciju ar jap\u0101\u0146u amatniec\u012bbas izstr\u0101d\u0101jumiem, izveidojot, vienu uz otras saliekamas, papl\u0101tes ar daudziem pielietojumiem.<\/div>\n<\/div>\n<\/div>\n<\/div>\n<\/div>\n<\/div>\n<\/div>\n<\/section>\n","protected":false},"excerpt":{"rendered":"<p><img loading=\"lazy\" decoding=\"async\" class=\"alignnone wp-image-88428\" src=\"https:\/\/www.xcelsiorselection.com\/wp-content\/uploads\/2020\/12\/muuto_logo.png\" alt=\"\" width=\"172\" height=\"33\" \/><\/p>\n<p>Ra\u017eot\u0101js: Muuto<br \/>\nMateri\u0101ls: ABS, lamin\u0113ta ozolkoka finier\u0113jums<br \/>\nKr\u0101sa: pel\u0113ka<br \/>\nIzm\u0113rs: \u00d830 x 7,2 cm<\/p>\n","protected":false},"featured_media":88504,"comment_status":"closed","ping_status":"closed","template":"","meta":[],"_links":{"self":[{"href":"https:\/\/www.xcelsiorselection.com\/lv\/wp-json\/wp\/v2\/product\/88509\/"}],"collection":[{"href":"https:\/\/www.xcelsiorselection.com\/lv\/wp-json\/wp\/v2\/product\/"}],"about":[{"href":"https:\/\/www.xcelsiorselection.com\/lv\/wp-json\/wp\/v2\/types\/product\/"}],"replies":[{"embeddable":true,"href":"https:\/\/www.xcelsiorselection.com\/lv\/wp-json\/wp\/v2\/comments\/?post=88509"}],"wp:featuredmedia":[{"embeddable":true,"href":"https:\/\/www.xcelsiorselection.com\/lv\/wp-json\/wp\/v2\/media\/88504\/"}],"wp:attachment":[{"href":"https:\/\/www.xcelsiorselection.com\/lv\/wp-json\/wp\/v2\/media\/?parent=88509"}],"curies":[{"name":"wp","href":"https:\/\/api.w.org\/{rel}","templated":true}]}}