

{"id":88531,"date":"2020-12-21T16:55:25","date_gmt":"2020-12-21T14:55:25","guid":{"rendered":"https:\/\/www.xcelsiorselection.com\/product\/groove-trivet-o16-cm\/"},"modified":"2020-12-21T17:07:53","modified_gmt":"2020-12-21T15:07:53","slug":"groove-trivet-o16-cm","status":"publish","type":"product","link":"https:\/\/www.xcelsiorselection.com\/lv\/product\/groove-trivet-o16-cm\/","title":{"rendered":"Paliktnis Groove \u00d816 cm"},"content":{"rendered":"<p>Izmantojot paliktni <em>Groove<\/em>\u00a0ar rievoto virsmu karstiem traukiem, sakarsu\u0161ais gaiss sp\u0113j izpl\u016bst pa mal\u0101m, atst\u0101jot zem t\u0101 eso\u0161o virsmu nesaboj\u0101tu. Lai ar\u012b tas ir\u00a0 funkcion\u0101ls priek\u0161mets, paliktni <em>Groove<\/em> var izmantot ar\u012b k\u0101 dekorat\u012bvu objektu &#8211; papl\u0101ti vai stat\u012bvu. Marmora vari\u0101cijas padara katru paliktni piln\u012bgi unik\u0101lu; tas ir pieejams divos izm\u0113ros un tr\u012bs kr\u0101s\u0101s.<\/p>\n","protected":false},"excerpt":{"rendered":"<p><img loading=\"lazy\" decoding=\"async\" class=\"alignnone wp-image-88428\" src=\"https:\/\/www.xcelsiorselection.com\/wp-content\/uploads\/2020\/12\/muuto_logo.png\" alt=\"\" width=\"172\" height=\"33\" \/><\/p>\n<p>Ra\u017eot\u0101js: Muuto<br \/>\nMateri\u0101ls: marmors<br \/>\nKr\u0101sa: za\u013ca<br \/>\nIzm\u0113rs: \u00d816 x 2 cm<\/p>\n","protected":false},"featured_media":88514,"comment_status":"closed","ping_status":"closed","template":"","meta":[],"_links":{"self":[{"href":"https:\/\/www.xcelsiorselection.com\/lv\/wp-json\/wp\/v2\/product\/88531\/"}],"collection":[{"href":"https:\/\/www.xcelsiorselection.com\/lv\/wp-json\/wp\/v2\/product\/"}],"about":[{"href":"https:\/\/www.xcelsiorselection.com\/lv\/wp-json\/wp\/v2\/types\/product\/"}],"replies":[{"embeddable":true,"href":"https:\/\/www.xcelsiorselection.com\/lv\/wp-json\/wp\/v2\/comments\/?post=88531"}],"wp:featuredmedia":[{"embeddable":true,"href":"https:\/\/www.xcelsiorselection.com\/lv\/wp-json\/wp\/v2\/media\/88514\/"}],"wp:attachment":[{"href":"https:\/\/www.xcelsiorselection.com\/lv\/wp-json\/wp\/v2\/media\/?parent=88531"}],"curies":[{"name":"wp","href":"https:\/\/api.w.org\/{rel}","templated":true}]}}