

{"id":88562,"date":"2020-12-21T18:13:25","date_gmt":"2020-12-21T16:13:25","guid":{"rendered":"https:\/\/www.xcelsiorselection.com\/product\/silent-vase\/"},"modified":"2020-12-21T18:21:57","modified_gmt":"2020-12-21T16:21:57","slug":"silent-vase","status":"publish","type":"product","link":"https:\/\/www.xcelsiorselection.com\/lv\/product\/silent-vase\/","title":{"rendered":"V\u0101ze Silent"},"content":{"rendered":"<p>Izmantojot vienk\u0101r\u0161\u012bbu un p\u0101rlaic\u012bgu dizainu, v\u0101ze\u00a0<em>Silent<\/em> stingri fokus\u0113jas formu. \u0160is augstas kvalit\u0101tes aksesu\u0101rs, kas ra\u017eots no 100% ar rok\u0101m darin\u0101ta un no mutes p\u016bsta stikla, ieder\u0113sies gan m\u0101jas, gan biroja telp\u0101s.<\/p>\n","protected":false},"excerpt":{"rendered":"<p><img loading=\"lazy\" decoding=\"async\" class=\"alignnone wp-image-88428\" src=\"https:\/\/www.xcelsiorselection.com\/wp-content\/uploads\/2020\/12\/muuto_logo.png\" alt=\"\" width=\"172\" height=\"33\" \/><\/p>\n<p>Ra\u017eot\u0101js: Muuto<br \/>\nMateri\u0101ls: p\u016bsts stikls<br \/>\nKr\u0101sa: caursp\u012bd\u012bga<br \/>\nIzm\u0113rs: \u00d815 x 19 cm<\/p>\n","protected":false},"featured_media":88554,"comment_status":"closed","ping_status":"closed","template":"","meta":[],"_links":{"self":[{"href":"https:\/\/www.xcelsiorselection.com\/lv\/wp-json\/wp\/v2\/product\/88562\/"}],"collection":[{"href":"https:\/\/www.xcelsiorselection.com\/lv\/wp-json\/wp\/v2\/product\/"}],"about":[{"href":"https:\/\/www.xcelsiorselection.com\/lv\/wp-json\/wp\/v2\/types\/product\/"}],"replies":[{"embeddable":true,"href":"https:\/\/www.xcelsiorselection.com\/lv\/wp-json\/wp\/v2\/comments\/?post=88562"}],"wp:featuredmedia":[{"embeddable":true,"href":"https:\/\/www.xcelsiorselection.com\/lv\/wp-json\/wp\/v2\/media\/88554\/"}],"wp:attachment":[{"href":"https:\/\/www.xcelsiorselection.com\/lv\/wp-json\/wp\/v2\/media\/?parent=88562"}],"curies":[{"name":"wp","href":"https:\/\/api.w.org\/{rel}","templated":true}]}}