

{"id":88923,"date":"2021-01-28T18:24:51","date_gmt":"2021-01-28T16:24:51","guid":{"rendered":"https:\/\/www.xcelsiorselection.com\/product\/coffee-table-o90\/"},"modified":"2021-01-28T18:31:26","modified_gmt":"2021-01-28T16:31:26","slug":"coffee-table-o90","status":"publish","type":"product","link":"https:\/\/www.xcelsiorselection.com\/lv\/product\/coffee-table-o90\/","title":{"rendered":"Kafijas galdi\u0146\u0161 \u00d890"},"content":{"rendered":"<p>Vipp pied\u0101v\u0101 univers\u0101lu kafijas galdi\u0146u viesistabai. Pieejams ar\u012b maz\u0101k\u0101 versij\u0101, tas ir elegants, ar tr\u012bs k\u0101ju r\u0101mi, melnu pulverveida p\u0101rkl\u0101tu alum\u012bniju, virsma ir pieejama pul\u0113t\u0101 marmor\u0101 vai tum\u0161\u0101 ozol\u0101. L\u016bdzu, \u0146emiet v\u0113r\u0101, katrai marmora pl\u0101ksnei ir unik\u0101ls izskats.<\/p>\n<p>Vipp sevi d\u0113v\u0113 par \u201cdarbar\u012bku rad\u012bt\u0101jiem\u201d, m\u0113rot \u0161o r\u012bku kvalit\u0101ti ar sp\u0113ju sniegt nemain\u012bgi labu ikdienas lieto\u0161anas pieredzi ar\u012b t\u0101l\u0101k\u0101 laika perspekt\u012bv\u0101. Vipp m\u0113r\u0137is ir piepild\u012bt pasauli ar maz\u0101k, bet lab\u0101kiem produktiem, neskrienot l\u012bdzi gaisto\u0161ajiem dizaina trendiem. Vienalga, vai tiek rad\u012bts \u0101\u0137\u012btis dvie\u013ciem vai virtuve, Vipp galven\u0101 amb\u012bcija \u2014 ienest profesion\u0101laj\u0101 tirg\u016b atrastos funkcionalit\u0101tes principus priv\u0101taj\u0101 telp\u0101 ar nesam\u0101kslotiem industri\u0101l\u0101 dizaina objektiem \u2014 paliek nemain\u012bga.<br \/>\n\u0160obr\u012bd Vipp ir viens no d\u0101\u0146u dizaina vado\u0161ajiem z\u012bmoliem. Savu filozofiju ra\u017eot\u0101js ielicis pla\u0161\u0101 produktu kl\u0101st\u0101 \u2014 no m\u0101jas sadz\u012bves priek\u0161metiem l\u012bdz lamp\u0101m un no virtuves modu\u013cu sist\u0113m\u0101m l\u012bdz m\u0113bel\u0113m un vannas istabas iek\u0101rtojumam.<\/p>\n","protected":false},"excerpt":{"rendered":"<p><img loading=\"lazy\" decoding=\"async\" src=\"http:\/\/www.xcelsiorselection.com\/wp-content\/uploads\/2018\/05\/vipp21.jpg\" alt=\"vipp2\" width=\"168\" height=\"82\" \/><\/p>\n<p>Ra\u017eot\u0101js: Vipp<br \/>\nMateri\u0101ls: ar pulveri kl\u0101ts alum\u012bnijs, marmors<br \/>\nIzm\u0113rs: \u00d890 x 35,5 cm<br \/>\nVirsma: gai\u0161i pel\u0113ks marmors<\/p>\n","protected":false},"featured_media":88926,"comment_status":"closed","ping_status":"closed","template":"","meta":[],"_links":{"self":[{"href":"https:\/\/www.xcelsiorselection.com\/lv\/wp-json\/wp\/v2\/product\/88923\/"}],"collection":[{"href":"https:\/\/www.xcelsiorselection.com\/lv\/wp-json\/wp\/v2\/product\/"}],"about":[{"href":"https:\/\/www.xcelsiorselection.com\/lv\/wp-json\/wp\/v2\/types\/product\/"}],"replies":[{"embeddable":true,"href":"https:\/\/www.xcelsiorselection.com\/lv\/wp-json\/wp\/v2\/comments\/?post=88923"}],"wp:featuredmedia":[{"embeddable":true,"href":"https:\/\/www.xcelsiorselection.com\/lv\/wp-json\/wp\/v2\/media\/88926\/"}],"wp:attachment":[{"href":"https:\/\/www.xcelsiorselection.com\/lv\/wp-json\/wp\/v2\/media\/?parent=88923"}],"curies":[{"name":"wp","href":"https:\/\/api.w.org\/{rel}","templated":true}]}}