

{"id":88990,"date":"2021-02-02T14:06:00","date_gmt":"2021-02-02T12:06:00","guid":{"rendered":"https:\/\/www.xcelsiorselection.com\/product\/cabin-chair-dark-oak-w-black-leather\/"},"modified":"2021-02-02T14:08:15","modified_gmt":"2021-02-02T12:08:15","slug":"cabin-chair-dark-oak-w-black-leather","status":"publish","type":"product","link":"https:\/\/www.xcelsiorselection.com\/lv\/product\/cabin-chair-dark-oak-w-black-leather\/","title":{"rendered":"Kr\u0113sls Cabin, tum\u0161s ozols ar \u0101das s\u0113dni"},"content":{"rendered":"<p>Vipp Cabin kr\u0113sls ir piem\u0113rots \u0113damistabai vai viesistabai. \u0160im kr\u0113slam ir noapa\u013cota mas\u012bva ozola koka b\u0101ze un ieliekts finiera s\u0113deklis. Cabin kr\u0113sls ir pieejams ar\u012b ar piestiprin\u0101tu \u0101das spilvenu smil\u0161u vai meln\u0101 kr\u0101s\u0101.<\/p>\n<p>Vipp sevi d\u0113v\u0113 par \u201cdarbar\u012bku rad\u012bt\u0101jiem\u201d, m\u0113rot \u0161o r\u012bku kvalit\u0101ti ar sp\u0113ju sniegt nemain\u012bgi labu ikdienas lieto\u0161anas pieredzi ar\u012b t\u0101l\u0101k\u0101 laika perspekt\u012bv\u0101. Vipp m\u0113r\u0137is ir piepild\u012bt pasauli ar maz\u0101k, bet lab\u0101kiem produktiem, neskrienot l\u012bdzi gaisto\u0161ajiem dizaina trendiem. Vienalga, vai tiek rad\u012bts \u0101\u0137\u012btis dvie\u013ciem vai virtuve, Vipp galven\u0101 amb\u012bcija \u2014 ienest profesion\u0101laj\u0101 tirg\u016b atrastos funkcionalit\u0101tes principus priv\u0101taj\u0101 telp\u0101 ar nesam\u0101kslotiem industri\u0101l\u0101 dizaina objektiem \u2014 paliek nemain\u012bga.<br \/>\n\u0160obr\u012bd Vipp ir viens no d\u0101\u0146u dizaina vado\u0161ajiem z\u012bmoliem. Savu filozofiju ra\u017eot\u0101js ielicis pla\u0161\u0101 produktu kl\u0101st\u0101 \u2014 no m\u0101jas sadz\u012bves priek\u0161metiem l\u012bdz lamp\u0101m un no virtuves modu\u013cu sist\u0113m\u0101m l\u012bdz m\u0113bel\u0113m un vannas istabas iek\u0101rtojumam.<\/p>\n","protected":false},"excerpt":{"rendered":"<p><img loading=\"lazy\" decoding=\"async\" src=\"http:\/\/www.xcelsiorselection.com\/wp-content\/uploads\/2018\/05\/vipp21.jpg\" alt=\"vipp2\" width=\"168\" height=\"82\" \/><\/p>\n<p>Ra\u017eot\u0101js: Vipp<br \/>\nMateri\u0101ls: ozols, e\u013c\u013cots, anil\u012bna \u0101da<br \/>\nIzm\u0113rs: 48,5 x 47 x 77 cm<br \/>\nR\u0101mja kr\u0101sa: tum\u0161s ozols<br \/>\nS\u0113dek\u013ca kr\u0101sa: melna<\/p>\n","protected":false},"featured_media":88982,"comment_status":"closed","ping_status":"closed","template":"","meta":[],"_links":{"self":[{"href":"https:\/\/www.xcelsiorselection.com\/lv\/wp-json\/wp\/v2\/product\/88990\/"}],"collection":[{"href":"https:\/\/www.xcelsiorselection.com\/lv\/wp-json\/wp\/v2\/product\/"}],"about":[{"href":"https:\/\/www.xcelsiorselection.com\/lv\/wp-json\/wp\/v2\/types\/product\/"}],"replies":[{"embeddable":true,"href":"https:\/\/www.xcelsiorselection.com\/lv\/wp-json\/wp\/v2\/comments\/?post=88990"}],"wp:featuredmedia":[{"embeddable":true,"href":"https:\/\/www.xcelsiorselection.com\/lv\/wp-json\/wp\/v2\/media\/88982\/"}],"wp:attachment":[{"href":"https:\/\/www.xcelsiorselection.com\/lv\/wp-json\/wp\/v2\/media\/?parent=88990"}],"curies":[{"name":"wp","href":"https:\/\/api.w.org\/{rel}","templated":true}]}}