

{"id":89315,"date":"2021-04-09T10:24:54","date_gmt":"2021-04-09T08:24:54","guid":{"rendered":"https:\/\/www.xcelsiorselection.com\/product\/watering-can-2l\/"},"modified":"2021-04-09T10:28:27","modified_gmt":"2021-04-09T08:28:27","slug":"watering-can-2l","status":"publish","type":"product","link":"https:\/\/www.xcelsiorselection.com\/lv\/product\/watering-can-2l\/","title":{"rendered":"Lejkanna 2L"},"content":{"rendered":"<p>Lejkanna no z\u012bmola Hay. Izgatavota no plastmasas, kas ir laika apst\u0101k\u013cu iztur\u012bga.<\/p>\n","protected":false},"excerpt":{"rendered":"<p><img loading=\"lazy\" decoding=\"async\" src=\"http:\/\/www.xcelsiorselection.com\/wp-content\/uploads\/2016\/02\/Hay-logo-new1.jpg\" alt=\"Hay logo new\" width=\"138\" height=\"53\" \/><\/p>\n<p>Ra\u017eot\u0101js: HAY<br \/>\nMateri\u0101ls: HDPE plastmasa<br \/>\nIzm\u0113rs: 35 x 17,5 x 28 cm<br \/>\nKr\u0101sa: roz\u0101<\/p>\n","protected":false},"featured_media":89310,"comment_status":"closed","ping_status":"closed","template":"","meta":[],"_links":{"self":[{"href":"https:\/\/www.xcelsiorselection.com\/lv\/wp-json\/wp\/v2\/product\/89315\/"}],"collection":[{"href":"https:\/\/www.xcelsiorselection.com\/lv\/wp-json\/wp\/v2\/product\/"}],"about":[{"href":"https:\/\/www.xcelsiorselection.com\/lv\/wp-json\/wp\/v2\/types\/product\/"}],"replies":[{"embeddable":true,"href":"https:\/\/www.xcelsiorselection.com\/lv\/wp-json\/wp\/v2\/comments\/?post=89315"}],"wp:featuredmedia":[{"embeddable":true,"href":"https:\/\/www.xcelsiorselection.com\/lv\/wp-json\/wp\/v2\/media\/89310\/"}],"wp:attachment":[{"href":"https:\/\/www.xcelsiorselection.com\/lv\/wp-json\/wp\/v2\/media\/?parent=89315"}],"curies":[{"name":"wp","href":"https:\/\/api.w.org\/{rel}","templated":true}]}}