

{"id":89319,"date":"2021-04-09T10:38:12","date_gmt":"2021-04-09T08:38:12","guid":{"rendered":"https:\/\/www.xcelsiorselection.com\/product\/time-90-minutes-xxl-swirl\/"},"modified":"2021-04-09T10:42:54","modified_gmt":"2021-04-09T08:42:54","slug":"time-90-minutes-xxl-swirl","status":"publish","type":"product","link":"https:\/\/www.xcelsiorselection.com\/lv\/product\/time-90-minutes-xxl-swirl\/","title":{"rendered":"Smil\u0161u pulkstenis, 90 min\u016btes XXL"},"content":{"rendered":"<p>Organiska forma un caursp\u012bd\u012bgs stikls ar smalk\u0101m smilt\u012bm &#8211; smil\u0161u pulkstenis no HAY pied\u0101v\u0101 m\u016bsdien\u012bgu klasisk\u0101 smil\u0161u pulkste\u0146a variantu.<\/p>\n","protected":false},"excerpt":{"rendered":"<p><img loading=\"lazy\" decoding=\"async\" src=\"http:\/\/www.xcelsiorselection.com\/wp-content\/uploads\/2016\/02\/Hay-logo-new1.jpg\" alt=\"Hay logo new\" width=\"138\" height=\"53\" \/><\/p>\n<p>Ra\u017eot\u0101js: HAY<br \/>\nMateri\u0101ls: stikls, smiltis<br \/>\nKr\u0101sa: var\u0161 (roz\u0101)<br \/>\nIzm\u0113rs: \u00d8 12,5 x 36 cm<\/p>\n","protected":false},"featured_media":89313,"comment_status":"closed","ping_status":"closed","template":"","meta":[],"_links":{"self":[{"href":"https:\/\/www.xcelsiorselection.com\/lv\/wp-json\/wp\/v2\/product\/89319\/"}],"collection":[{"href":"https:\/\/www.xcelsiorselection.com\/lv\/wp-json\/wp\/v2\/product\/"}],"about":[{"href":"https:\/\/www.xcelsiorselection.com\/lv\/wp-json\/wp\/v2\/types\/product\/"}],"replies":[{"embeddable":true,"href":"https:\/\/www.xcelsiorselection.com\/lv\/wp-json\/wp\/v2\/comments\/?post=89319"}],"wp:featuredmedia":[{"embeddable":true,"href":"https:\/\/www.xcelsiorselection.com\/lv\/wp-json\/wp\/v2\/media\/89313\/"}],"wp:attachment":[{"href":"https:\/\/www.xcelsiorselection.com\/lv\/wp-json\/wp\/v2\/media\/?parent=89319"}],"curies":[{"name":"wp","href":"https:\/\/api.w.org\/{rel}","templated":true}]}}