

{"id":91209,"date":"2022-01-20T15:10:32","date_gmt":"2022-01-20T13:10:32","guid":{"rendered":"https:\/\/www.xcelsiorselection.com\/product\/toy-table-lamp\/"},"modified":"2022-01-20T15:13:37","modified_gmt":"2022-01-20T13:13:37","slug":"toy-table-lamp","status":"publish","type":"product","link":"https:\/\/www.xcelsiorselection.com\/lv\/product\/toy-table-lamp\/","title":{"rendered":"Galda lampa TOY"},"content":{"rendered":"<p>Ikoniskais Moschino l\u0101cis sadarb\u012bb\u0101 ar Kartell k\u013cuvis par galda lampu, kas interpret\u0113 rota\u013c\u012bgo un kr\u0101saino stilu, kas ir kop\u012bgs abiem z\u012bmoliem.<\/p>\n","protected":false},"excerpt":{"rendered":"<p><img loading=\"lazy\" decoding=\"async\" class=\"\" src=\"http:\/\/www.xcelsiorselection.com\/wp-content\/uploads\/2015\/05\/kartell.jpg\" alt=\"kartell\" width=\"159\" height=\"46\" \/><\/p>\n<p>Ra\u017eot\u0101js: Kartell<br \/>\nDizains: Moschino &#8211; Jeremy Scott<br \/>\nMateri\u0101ls: kr\u0101sots termoplastisks tehnopolim\u0113rs<br \/>\nIzm\u0113rs: 25 x 24 x 30 cm<\/p>\n","protected":false},"featured_media":91207,"comment_status":"closed","ping_status":"closed","template":"","meta":[],"_links":{"self":[{"href":"https:\/\/www.xcelsiorselection.com\/lv\/wp-json\/wp\/v2\/product\/91209\/"}],"collection":[{"href":"https:\/\/www.xcelsiorselection.com\/lv\/wp-json\/wp\/v2\/product\/"}],"about":[{"href":"https:\/\/www.xcelsiorselection.com\/lv\/wp-json\/wp\/v2\/types\/product\/"}],"replies":[{"embeddable":true,"href":"https:\/\/www.xcelsiorselection.com\/lv\/wp-json\/wp\/v2\/comments\/?post=91209"}],"wp:featuredmedia":[{"embeddable":true,"href":"https:\/\/www.xcelsiorselection.com\/lv\/wp-json\/wp\/v2\/media\/91207\/"}],"wp:attachment":[{"href":"https:\/\/www.xcelsiorselection.com\/lv\/wp-json\/wp\/v2\/media\/?parent=91209"}],"curies":[{"name":"wp","href":"https:\/\/api.w.org\/{rel}","templated":true}]}}