

{"id":91268,"date":"2022-01-25T09:48:03","date_gmt":"2022-01-25T07:48:03","guid":{"rendered":"https:\/\/www.xcelsiorselection.com\/product\/pumo-2\/"},"modified":"2022-01-25T09:49:18","modified_gmt":"2022-01-25T07:49:18","slug":"pumo-2","status":"publish","type":"product","link":"https:\/\/www.xcelsiorselection.com\/lv\/product\/pumo-2\/","title":{"rendered":"Trauks PUMO"},"content":{"rendered":"<p>Pumo ir daudzfunkcion\u0101ls trauks, kas atg\u0101dina tradicion\u0101l\u0101s Apulijas labkl\u0101j\u012bbas simbola formas. Z\u012bmols Kartell to izveidojis ar daudz\u0161\u0137aut\u0146ainu, gaismu reflekt\u0113jo\u0161u v\u0101ku, radot gan fukcion\u0101lu, gan skaistu galda centr\u0101lo elementu.<\/p>\n","protected":false},"excerpt":{"rendered":"<p><img loading=\"lazy\" decoding=\"async\" class=\"\" src=\"http:\/\/www.xcelsiorselection.com\/wp-content\/uploads\/2015\/05\/kartell.jpg\" alt=\"kartell\" width=\"159\" height=\"46\" \/><\/p>\n<p>Ra\u017eot\u0101js: Kartell<br \/>\nDizains: Fabio Novembre<br \/>\nMateri\u0101ls: termoplastisks tehnopolim\u0113rs<br \/>\nKr\u0101sa: caursp\u012bd\u012bga\/balta<br \/>\nIzm\u0113rs: \u00f821 x 29 cm<\/p>\n","protected":false},"featured_media":91266,"comment_status":"closed","ping_status":"closed","template":"","meta":[],"_links":{"self":[{"href":"https:\/\/www.xcelsiorselection.com\/lv\/wp-json\/wp\/v2\/product\/91268\/"}],"collection":[{"href":"https:\/\/www.xcelsiorselection.com\/lv\/wp-json\/wp\/v2\/product\/"}],"about":[{"href":"https:\/\/www.xcelsiorselection.com\/lv\/wp-json\/wp\/v2\/types\/product\/"}],"replies":[{"embeddable":true,"href":"https:\/\/www.xcelsiorselection.com\/lv\/wp-json\/wp\/v2\/comments\/?post=91268"}],"wp:featuredmedia":[{"embeddable":true,"href":"https:\/\/www.xcelsiorselection.com\/lv\/wp-json\/wp\/v2\/media\/91266\/"}],"wp:attachment":[{"href":"https:\/\/www.xcelsiorselection.com\/lv\/wp-json\/wp\/v2\/media\/?parent=91268"}],"curies":[{"name":"wp","href":"https:\/\/api.w.org\/{rel}","templated":true}]}}