

{"id":91290,"date":"2022-01-25T10:04:17","date_gmt":"2022-01-25T08:04:17","guid":{"rendered":"https:\/\/www.xcelsiorselection.com\/product\/trullo-2\/"},"modified":"2022-01-25T10:05:51","modified_gmt":"2022-01-25T08:05:51","slug":"trullo-2","status":"publish","type":"product","link":"https:\/\/www.xcelsiorselection.com\/lv\/product\/trullo-2\/","title":{"rendered":"Trauks TRULLO"},"content":{"rendered":"<p>Dizaineris Fabio Novembre turpina rado\u0161o ce\u013cu, ko iespaidojusi vi\u0146a dzimtenes arhitekt\u016bra. Trullo ir galda trauks ar konisku v\u0101ku, rad\u012bts, iedvesmojoties no tipisko Alberobello m\u0101ju arhitekt\u016bras Ap\u016blij\u0101.<\/p>\n","protected":false},"excerpt":{"rendered":"<p><img loading=\"lazy\" decoding=\"async\" class=\"\" src=\"http:\/\/www.xcelsiorselection.com\/wp-content\/uploads\/2015\/05\/kartell.jpg\" alt=\"kartell\" width=\"159\" height=\"46\" \/><\/p>\n<p>Ra\u017eot\u0101js: Kartell<br \/>\nDizains: Fabio Novembre<br \/>\nMateri\u0101ls: termoplastisks tehnopolim\u0113rs<br \/>\nKr\u0101sa: za\u013ca\/roz\u0101<br \/>\nIzm\u0113rs: \u00f825 x 27 cm<\/p>\n","protected":false},"featured_media":91275,"comment_status":"closed","ping_status":"closed","template":"","meta":[],"_links":{"self":[{"href":"https:\/\/www.xcelsiorselection.com\/lv\/wp-json\/wp\/v2\/product\/91290\/"}],"collection":[{"href":"https:\/\/www.xcelsiorselection.com\/lv\/wp-json\/wp\/v2\/product\/"}],"about":[{"href":"https:\/\/www.xcelsiorselection.com\/lv\/wp-json\/wp\/v2\/types\/product\/"}],"replies":[{"embeddable":true,"href":"https:\/\/www.xcelsiorselection.com\/lv\/wp-json\/wp\/v2\/comments\/?post=91290"}],"wp:featuredmedia":[{"embeddable":true,"href":"https:\/\/www.xcelsiorselection.com\/lv\/wp-json\/wp\/v2\/media\/91275\/"}],"wp:attachment":[{"href":"https:\/\/www.xcelsiorselection.com\/lv\/wp-json\/wp\/v2\/media\/?parent=91290"}],"curies":[{"name":"wp","href":"https:\/\/api.w.org\/{rel}","templated":true}]}}