

{"id":91557,"date":"2022-02-23T14:44:59","date_gmt":"2022-02-23T12:44:59","guid":{"rendered":"https:\/\/www.xcelsiorselection.com\/?post_type=product&#038;p=91557"},"modified":"2022-02-23T14:56:02","modified_gmt":"2022-02-23T12:56:02","slug":"grafiska-soma-love-heart-sarkana-copy","status":"publish","type":"product","link":"https:\/\/www.xcelsiorselection.com\/lv\/product\/grafiska-soma-love-heart-sarkana-copy\/","title":{"rendered":"Grafisk\u0101 soma Love Heart roz\u0101"},"content":{"rendered":"<p>Sadarb\u012bb\u0101 ar Gir\u0101ru \u0123imeni Vitra ir izv\u0113l\u0113jusies &#8220;M\u012blas sirdi&#8221; &#8211; Aleksandra Gir\u0101ra da\u017e\u0101diem m\u0113r\u0137iem izstr\u0101d\u0101tus mot\u012bvus, kas rot\u0101 iepirkuma somu.<\/p>\n","protected":false},"excerpt":{"rendered":"<p><img loading=\"lazy\" decoding=\"async\" src=\"http:\/\/www.xcelsiorselection.com\/wp-content\/uploads\/2016\/02\/vitra.jpg\" alt=\"vitra\" width=\"133\" height=\"43\" \/><\/p>\n<p>Ra\u017eot\u0101js: Vitra<br \/>\nDizaineris: Alexander Girard, 1971<br \/>\nMateri\u0101ls: 100% cotton<br \/>\nIzm\u0113rs: 37&#215;40 cm<\/p>\n","protected":false},"featured_media":91553,"comment_status":"closed","ping_status":"closed","template":"","meta":[],"_links":{"self":[{"href":"https:\/\/www.xcelsiorselection.com\/lv\/wp-json\/wp\/v2\/product\/91557\/"}],"collection":[{"href":"https:\/\/www.xcelsiorselection.com\/lv\/wp-json\/wp\/v2\/product\/"}],"about":[{"href":"https:\/\/www.xcelsiorselection.com\/lv\/wp-json\/wp\/v2\/types\/product\/"}],"replies":[{"embeddable":true,"href":"https:\/\/www.xcelsiorselection.com\/lv\/wp-json\/wp\/v2\/comments\/?post=91557"}],"wp:featuredmedia":[{"embeddable":true,"href":"https:\/\/www.xcelsiorselection.com\/lv\/wp-json\/wp\/v2\/media\/91553\/"}],"wp:attachment":[{"href":"https:\/\/www.xcelsiorselection.com\/lv\/wp-json\/wp\/v2\/media\/?parent=91557"}],"curies":[{"name":"wp","href":"https:\/\/api.w.org\/{rel}","templated":true}]}}